{"id":16561,"date":"2024-09-16T07:43:49","date_gmt":"2024-09-16T05:43:49","guid":{"rendered":"https:\/\/okruhari.sk\/race-event\/"},"modified":"2025-10-28T21:56:28","modified_gmt":"2025-10-28T20:56:28","slug":"race-event","status":"publish","type":"page","link":"https:\/\/okruhari.sk\/en\/race-event\/","title":{"rendered":"Race Event"},"content":{"rendered":"\t\t<div data-elementor-type=\"wp-page\" data-elementor-id=\"16561\" class=\"elementor elementor-16561 elementor-15483\" data-elementor-post-type=\"page\">\n\t\t\t\t<div class=\"elementor-element elementor-element-f54f146 e-flex e-con-boxed e-con e-parent\" data-id=\"f54f146\" data-element_type=\"container\">\n\t\t\t\t\t<div class=\"e-con-inner\">\n\t\t<div class=\"elementor-element elementor-element-070cfe7 e-con-full e-flex e-con e-child\" data-id=\"070cfe7\" data-element_type=\"container\" data-settings=\"{&quot;background_background&quot;:&quot;classic&quot;}\">\n\t\t<div class=\"elementor-element elementor-element-d2a6c9c e-con-full e-flex e-con e-child\" data-id=\"d2a6c9c\" data-element_type=\"container\" data-settings=\"{&quot;background_background&quot;:&quot;classic&quot;}\">\n\t\t\t\t<div class=\"elementor-element elementor-element-d0d0196 elementor-widget elementor-widget-heading\" data-id=\"d0d0196\" data-element_type=\"widget\" data-widget_type=\"heading.default\">\n\t\t\t\t<div class=\"elementor-widget-container\">\n\t\t\t\t\t<h2 class=\"elementor-heading-title elementor-size-default\"><a href=\"https:\/\/okruhari.sk\/en\/race-event\/\">TIME ATTACK<\/a><\/h2>\t\t\t\t<\/div>\n\t\t\t\t<\/div>\n\t\t\t\t<\/div>\n\t\t\t\t<div class=\"elementor-element elementor-element-3da445d elementor-widget__width-initial elementor-widget elementor-widget-text-editor\" data-id=\"3da445d\" data-element_type=\"widget\" data-widget_type=\"text-editor.default\">\n\t\t\t\t<div class=\"elementor-widget-container\">\n\t\t\t\t\t\t\t\t\t<p><span style=\"color: #000000;\"><strong>Race event &#8211; TIME ATTTACK<\/strong><\/span><\/p><ul><li>These races are organized separately for each speed group (A, B, C, D or 1, 2, 3, 4).<\/li><li>During the day, each speed group completes six 20-minute runs according to the schedule.<\/li><li>The winner of the race is the driver who achieves the fastest lap time in the designated <strong>\u201cTIME ATTACK\u201d<\/strong> <strong>window<\/strong> .<\/li><li>The <strong>\u201cTIME ATTACK\u201d window<\/strong> always consists of two designated 20-minute sessions<br>on both the first and second day of the event (<strong><a style=\"color: #ed1c24;\" href=\"https:\/\/okruhari.sk\/wp-content\/uploads\/2025\/10\/vseobecny-harmonogram.pdf\" target=\"_blank\" rel=\"noopener\">see schedule<\/a><\/strong>). During these two 20-minute sessions, each driver in their speed group tries to achieve their best time.<br><br> <\/li><li>v ka\u017edej r\u00fdchlostnej skupine bude ocenen\u00fdch 5 najr\u00fdchlej\u0161\u00edch jazdcov<\/li><\/ul>\t\t\t\t\t\t\t\t<\/div>\n\t\t\t\t<\/div>\n\t\t\t\t<\/div>\n\t\t\t\t\t<\/div>\n\t\t\t\t<\/div>\n\t\t\t\t<\/div>\n\t\t","protected":false},"excerpt":{"rendered":"<p>TIME ATTACK Race event &#8211; TIME ATTTACK These races are organized separately for each speed group (A, B, C, D or 1, 2, 3, 4)&#8230;.<\/p>\n","protected":false},"author":4,"featured_media":0,"parent":0,"menu_order":0,"comment_status":"closed","ping_status":"closed","template":"","meta":{"ngg_post_thumbnail":0,"footnotes":""},"class_list":["post-16561","page","type-page","status-publish","hentry"],"_links":{"self":[{"href":"https:\/\/okruhari.sk\/en\/wp-json\/wp\/v2\/pages\/16561","targetHints":{"allow":["GET"]}}],"collection":[{"href":"https:\/\/okruhari.sk\/en\/wp-json\/wp\/v2\/pages"}],"about":[{"href":"https:\/\/okruhari.sk\/en\/wp-json\/wp\/v2\/types\/page"}],"author":[{"embeddable":true,"href":"https:\/\/okruhari.sk\/en\/wp-json\/wp\/v2\/users\/4"}],"replies":[{"embeddable":true,"href":"https:\/\/okruhari.sk\/en\/wp-json\/wp\/v2\/comments?post=16561"}],"version-history":[{"count":8,"href":"https:\/\/okruhari.sk\/en\/wp-json\/wp\/v2\/pages\/16561\/revisions"}],"predecessor-version":[{"id":17787,"href":"https:\/\/okruhari.sk\/en\/wp-json\/wp\/v2\/pages\/16561\/revisions\/17787"}],"wp:attachment":[{"href":"https:\/\/okruhari.sk\/en\/wp-json\/wp\/v2\/media?parent=16561"}],"curies":[{"name":"wp","href":"https:\/\/api.w.org\/{rel}","templated":true}]}}