{"id":16158,"date":"2022-12-06T10:42:51","date_gmt":"2022-12-06T09:42:51","guid":{"rendered":"https:\/\/okruhari.sk\/news\/"},"modified":"2025-10-25T12:00:52","modified_gmt":"2025-10-25T10:00:52","slug":"news","status":"publish","type":"page","link":"https:\/\/okruhari.sk\/en\/news\/","title":{"rendered":"News"},"content":{"rendered":"\t\t<div data-elementor-type=\"wp-page\" data-elementor-id=\"16158\" class=\"elementor elementor-16158 elementor-6614\" data-elementor-post-type=\"page\">\n\t\t\t\t\t\t<section class=\"elementor-section elementor-top-section elementor-element elementor-element-6c0c74de elementor-section-stretched elementor-section-boxed elementor-section-height-default elementor-section-height-default\" data-id=\"6c0c74de\" data-element_type=\"section\" data-settings=\"{&quot;stretch_section&quot;:&quot;section-stretched&quot;}\">\n\t\t\t\t\t\t<div class=\"elementor-container elementor-column-gap-no\">\n\t\t\t\t\t<div class=\"elementor-column elementor-col-100 elementor-top-column elementor-element elementor-element-270a2020\" data-id=\"270a2020\" data-element_type=\"column\">\n\t\t\t<div class=\"elementor-widget-wrap elementor-element-populated\">\n\t\t\t\t\t\t<div class=\"elementor-element elementor-element-71b3d433 elementor-widget elementor-widget-heading\" data-id=\"71b3d433\" data-element_type=\"widget\" data-widget_type=\"heading.default\">\n\t\t\t\t<div class=\"elementor-widget-container\">\n\t\t\t\t\t<h2 class=\"elementor-heading-title elementor-size-default\">News<\/h2>\t\t\t\t<\/div>\n\t\t\t\t<\/div>\n\t\t\t\t\t<\/div>\n\t\t<\/div>\n\t\t\t\t\t<\/div>\n\t\t<\/section>\n\t\t\t\t<\/div>\n\t\t","protected":false},"excerpt":{"rendered":"<p>Pribudla \u010fal\u0161ia zauj\u00edmav\u00e1 cena do septembrovej losova\u010dky!!! Ka\u017ed\u00fd kto sa z\u00fa\u010dastn\u00ed s na\u0161ou moto agent\u00farou dvojd\u0148ov\u00e9ho podujatia je zaraden\u00fd do losovania. Hlavn\u00e1 cena je Aprilia&#8230;&#8230;<\/p>\n","protected":false},"author":1,"featured_media":0,"parent":0,"menu_order":0,"comment_status":"closed","ping_status":"closed","template":"","meta":{"ngg_post_thumbnail":0,"footnotes":""},"class_list":["post-16158","page","type-page","status-publish","hentry"],"_links":{"self":[{"href":"https:\/\/okruhari.sk\/en\/wp-json\/wp\/v2\/pages\/16158","targetHints":{"allow":["GET"]}}],"collection":[{"href":"https:\/\/okruhari.sk\/en\/wp-json\/wp\/v2\/pages"}],"about":[{"href":"https:\/\/okruhari.sk\/en\/wp-json\/wp\/v2\/types\/page"}],"author":[{"embeddable":true,"href":"https:\/\/okruhari.sk\/en\/wp-json\/wp\/v2\/users\/1"}],"replies":[{"embeddable":true,"href":"https:\/\/okruhari.sk\/en\/wp-json\/wp\/v2\/comments?post=16158"}],"version-history":[{"count":1,"href":"https:\/\/okruhari.sk\/en\/wp-json\/wp\/v2\/pages\/16158\/revisions"}],"predecessor-version":[{"id":16159,"href":"https:\/\/okruhari.sk\/en\/wp-json\/wp\/v2\/pages\/16158\/revisions\/16159"}],"wp:attachment":[{"href":"https:\/\/okruhari.sk\/en\/wp-json\/wp\/v2\/media?parent=16158"}],"curies":[{"name":"wp","href":"https:\/\/api.w.org\/{rel}","templated":true}]}}