{"id":16389,"date":"2022-10-10T14:29:13","date_gmt":"2022-10-10T12:29:13","guid":{"rendered":"https:\/\/okruhari.sk\/musterseite\/"},"modified":"2025-10-25T12:05:36","modified_gmt":"2025-10-25T10:05:36","slug":"musterseite","status":"publish","type":"page","link":"https:\/\/okruhari.sk\/de\/musterseite\/","title":{"rendered":"Musterseite"},"content":{"rendered":"<p>Dies ist eine Musterseite. Sie unterscheidet sich von einem Blogbeitrag, da sie an einem festen Ort bleibt und in deiner Seitennavigation (in den meisten Themes) angezeigt wird. Die meisten Leute beginnen mit einer \u00dcber-uns-Seite, die sie potenziellen Besuchern vorstellt. Das k\u00f6nnte etwa so aussehen:   <\/p><blockquote class=\"wp-block-quote is-layout-flow wp-block-quote-is-layout-flow\"><p>Hallo! Tags\u00fcber arbeite ich als Fahrradkurier, nachts mixe ich die besten Drinks in einer gem\u00fctlichen Bar und das ist meine Webseite. Ich wohne in Tren\u010d\u00edn, habe einen Hamster namens Igor und manchmal verabrede ich mich mit meiner Stadt (ich gehe nicht in eine Bar, sondern spaziere einfach nur herum).  <\/p><\/blockquote><p>&#8230;oder so etwas:<\/p><blockquote class=\"wp-block-quote is-layout-flow wp-block-quote-is-layout-flow\"><p>Die XYZ Doohickey GmbH wurde 1971 gegr\u00fcndet und bietet der \u00d6ffentlichkeit seitdem qualitativ hochwertige Dienstleistungen an. Mit Sitz in Gotham City besch\u00e4ftigt XYZ \u00fcber 2.000 Mitarbeiter und leistet Gro\u00dfartiges f\u00fcr die Gemeinschaft von Gotham. <\/p><\/blockquote><p>Als neuer WordPress-Benutzer kannst du zu <a href=\"https:\/\/okruhari.sk\/wp-admin\/\">deinem Dashboard<\/a> gehen, diese Seite l\u00f6schen und neue Seiten f\u00fcr deine Inhalte erstellen. Viel Spa\u00df! <\/p>","protected":false},"excerpt":{"rendered":"<p>Dies ist eine Musterseite. Sie unterscheidet sich von einem Blogbeitrag, da sie an einem festen Ort bleibt und in deiner Seitennavigation (in den meisten Themes)&#8230;<\/p>\n","protected":false},"author":1,"featured_media":0,"parent":0,"menu_order":0,"comment_status":"closed","ping_status":"open","template":"","meta":{"ngg_post_thumbnail":0,"footnotes":""},"class_list":["post-16389","page","type-page","status-publish","hentry"],"_links":{"self":[{"href":"https:\/\/okruhari.sk\/de\/wp-json\/wp\/v2\/pages\/16389","targetHints":{"allow":["GET"]}}],"collection":[{"href":"https:\/\/okruhari.sk\/de\/wp-json\/wp\/v2\/pages"}],"about":[{"href":"https:\/\/okruhari.sk\/de\/wp-json\/wp\/v2\/types\/page"}],"author":[{"embeddable":true,"href":"https:\/\/okruhari.sk\/de\/wp-json\/wp\/v2\/users\/1"}],"replies":[{"embeddable":true,"href":"https:\/\/okruhari.sk\/de\/wp-json\/wp\/v2\/comments?post=16389"}],"version-history":[{"count":1,"href":"https:\/\/okruhari.sk\/de\/wp-json\/wp\/v2\/pages\/16389\/revisions"}],"predecessor-version":[{"id":16390,"href":"https:\/\/okruhari.sk\/de\/wp-json\/wp\/v2\/pages\/16389\/revisions\/16390"}],"wp:attachment":[{"href":"https:\/\/okruhari.sk\/de\/wp-json\/wp\/v2\/media?parent=16389"}],"curies":[{"name":"wp","href":"https:\/\/api.w.org\/{rel}","templated":true}]}}