{"id":16334,"date":"2024-09-16T07:43:49","date_gmt":"2024-09-16T05:43:49","guid":{"rendered":"https:\/\/okruhari.sk\/rennen\/"},"modified":"2025-10-25T12:05:39","modified_gmt":"2025-10-25T10:05:39","slug":"rennen","status":"publish","type":"page","link":"https:\/\/okruhari.sk\/de\/rennen\/","title":{"rendered":"Rennen"},"content":{"rendered":"\t\t<div data-elementor-type=\"wp-page\" data-elementor-id=\"16334\" class=\"elementor elementor-16334 elementor-15483\" data-elementor-post-type=\"page\">\n\t\t\t\t<div class=\"elementor-element elementor-element-f54f146 e-flex e-con-boxed e-con e-parent\" data-id=\"f54f146\" data-element_type=\"container\">\n\t\t\t\t\t<div class=\"e-con-inner\">\n\t\t<div class=\"elementor-element elementor-element-070cfe7 e-con-full e-flex e-con e-child\" data-id=\"070cfe7\" data-element_type=\"container\" data-settings=\"{&quot;background_background&quot;:&quot;classic&quot;}\">\n\t\t<div class=\"elementor-element elementor-element-d2a6c9c e-con-full e-flex e-con e-child\" data-id=\"d2a6c9c\" data-element_type=\"container\" data-settings=\"{&quot;background_background&quot;:&quot;classic&quot;}\">\n\t\t\t\t<div class=\"elementor-element elementor-element-d0d0196 elementor-widget elementor-widget-heading\" data-id=\"d0d0196\" data-element_type=\"widget\" data-widget_type=\"heading.default\">\n\t\t\t\t<div class=\"elementor-widget-container\">\n\t\t\t\t\t<h2 class=\"elementor-heading-title elementor-size-default\"><a href=\"https:\/\/okruhari.sk\/de\/rennen\/\">TIME ATTACK<\/a><\/h2>\t\t\t\t<\/div>\n\t\t\t\t<\/div>\n\t\t\t\t<\/div>\n\t\t\t\t<div class=\"elementor-element elementor-element-3da445d elementor-widget__width-initial elementor-widget elementor-widget-text-editor\" data-id=\"3da445d\" data-element_type=\"widget\" data-widget_type=\"text-editor.default\">\n\t\t\t\t<div class=\"elementor-widget-container\">\n\t\t\t\t\t\t\t\t\t<p><span style=\"color: #000000;\"><strong>Rennen &#8211; TIME ATTACK<\/strong><\/span><\/p><ul><li>Diese Rennen werden f\u00fcr jede Geschwindigkeitsgruppe separat organisiert (A, B, C, D bzw. 1, 2, 3, 4)<\/li><li>Jede Geschwindigkeitsgruppe absolviert tags\u00fcber gem\u00e4\u00df Zeitplan sechs 20-min\u00fctige Fahrten<\/li><li>Der Gewinner des Rennens ist der Fahrer, der im festgelegten <strong>Messfenster \u201eTIME ATTACK<\/strong><strong>\u201c<\/strong> die schnellste Rundenzeit erzielt<\/li><li><strong>Das Messfenster \u201eTIME ATTACK\u201c<\/strong> sind immer zwei festgelegte 20-Minuten-Sessions<br>am ersten und zweiten Veranstaltungstag (<strong><a style=\"color: #ed1c24;\" href=\"https:\/\/okruhari.sk\/wp-content\/uploads\/2025\/10\/vseobecny-harmonogram.pdf\" target=\"_blank\" rel=\"noopener\">siehe Zeitplan<\/a><\/strong>). W\u00e4hrend dieser beiden 20-Minuten-Sessions versucht jeder Fahrer in seiner Geschwindigkeitsgruppe, seine beste Zeit zu erzielen. <\/li><li>In jeder Geschwindigkeitsgruppe werden die 5 schnellsten Fahrer ausgezeichnet<\/li><\/ul>\t\t\t\t\t\t\t\t<\/div>\n\t\t\t\t<\/div>\n\t\t\t\t<\/div>\n\t\t\t\t\t<\/div>\n\t\t\t\t<\/div>\n\t\t\t\t<\/div>\n\t\t","protected":false},"excerpt":{"rendered":"<p>TIME ATTACK Rennen &#8211; TIME ATTACK Diese Rennen werden f\u00fcr jede Geschwindigkeitsgruppe separat organisiert (A, B, C, D bzw. 1, 2, 3, 4) Jede Geschwindigkeitsgruppe&#8230;<\/p>\n","protected":false},"author":4,"featured_media":0,"parent":0,"menu_order":0,"comment_status":"closed","ping_status":"closed","template":"","meta":{"ngg_post_thumbnail":0,"footnotes":""},"class_list":["post-16334","page","type-page","status-publish","hentry"],"_links":{"self":[{"href":"https:\/\/okruhari.sk\/de\/wp-json\/wp\/v2\/pages\/16334","targetHints":{"allow":["GET"]}}],"collection":[{"href":"https:\/\/okruhari.sk\/de\/wp-json\/wp\/v2\/pages"}],"about":[{"href":"https:\/\/okruhari.sk\/de\/wp-json\/wp\/v2\/types\/page"}],"author":[{"embeddable":true,"href":"https:\/\/okruhari.sk\/de\/wp-json\/wp\/v2\/users\/4"}],"replies":[{"embeddable":true,"href":"https:\/\/okruhari.sk\/de\/wp-json\/wp\/v2\/comments?post=16334"}],"version-history":[{"count":2,"href":"https:\/\/okruhari.sk\/de\/wp-json\/wp\/v2\/pages\/16334\/revisions"}],"predecessor-version":[{"id":16379,"href":"https:\/\/okruhari.sk\/de\/wp-json\/wp\/v2\/pages\/16334\/revisions\/16379"}],"wp:attachment":[{"href":"https:\/\/okruhari.sk\/de\/wp-json\/wp\/v2\/media?parent=16334"}],"curies":[{"name":"wp","href":"https:\/\/api.w.org\/{rel}","templated":true}]}}