{"id":18235,"date":"2026-04-12T10:19:41","date_gmt":"2026-04-12T08:19:41","guid":{"rendered":"https:\/\/okruhari.sk\/?post_type=product&#038;p=18235"},"modified":"2026-04-12T10:25:14","modified_gmt":"2026-04-12T08:25:14","slug":"20-5-21-5-2026-kopia","status":"publish","type":"product","link":"https:\/\/okruhari.sk\/cs\/produkt\/20-5-21-5-2026-kopia\/","title":{"rendered":"20.5.-21.5.2026 (K\u00f3pia)"},"content":{"rendered":"<p><strong>ST\u0158EDA<\/strong><\/p>\n<ul>\n<li><strong>6 x 20 min voln\u00e9 m\u011b\u0159en\u00e9 j\u00edzdy<\/strong> ve \u010dty\u0159ech rychlostn\u00edch skupin\u00e1ch<\/li>\n<li><strong>maxim\u00e1ln\u00ed po\u010det jezdc\u016f na akci &#8211; 180<\/strong><\/li>\n<li>z\u00e1vody <strong>TIME ATTACK<\/strong><\/li>\n<li>celodenn\u00ed ob\u010derstven\u00ed v cen\u011b<\/li>\n<li>odpo\u010dinkov\u00e1 z\u00f3na<\/li>\n<\/ul>\n<p>          <strong>\u010cTVRTEK<\/strong><\/p>\n<ul>\n<li><strong>6 x 20 min voln\u00e9 m\u011b\u0159en\u00e9 j\u00edzdy<\/strong> ve \u010dty\u0159ech rychlostn\u00edch skupin\u00e1ch<\/li>\n<li><strong>maxim\u00e1ln\u00ed po\u010det jezdc\u016f na akci &#8211; 180<\/strong><\/li>\n<li>z\u00e1vody <strong>TIME ATTACK<\/strong><\/li>\n<li>celodenn\u00ed ob\u010derstven\u00ed v cen\u011b<\/li>\n<li>odpo\u010dinkov\u00e1 z\u00f3na<\/li>\n<\/ul>\n","protected":false},"excerpt":{"rendered":"<p>          <strong>Uveden\u00e1 cena je s DPH.<\/strong><\/p>\n<h1>\n            <strong><br \/>\n              <a style=\"color: red;\" href=\"https:\/\/okruhari.sk\/wp-content\/uploads\/2025\/10\/maj-2026.pdf\" target=\"_blank\" rel=\"noopener\">\u010cASOV\u00dd HARMONOGRAM<\/a><br \/>\n            <\/strong><br \/>\n          <\/h1>\n","protected":false},"featured_media":18239,"template":"","meta":{"ngg_post_thumbnail":0},"etheme_brands":[],"product_cat":[154],"product_tag":[],"class_list":{"0":"post-18235","1":"product","2":"type-product","3":"status-publish","4":"has-post-thumbnail","6":"product_cat-racing-motoskola-2026","8":"first","9":"instock","10":"taxable","11":"shipping-taxable","12":"purchasable","13":"product-type-simple"},"_links":{"self":[{"href":"https:\/\/okruhari.sk\/cs\/wp-json\/wp\/v2\/product\/18235","targetHints":{"allow":["GET"]}}],"collection":[{"href":"https:\/\/okruhari.sk\/cs\/wp-json\/wp\/v2\/product"}],"about":[{"href":"https:\/\/okruhari.sk\/cs\/wp-json\/wp\/v2\/types\/product"}],"wp:featuredmedia":[{"embeddable":true,"href":"https:\/\/okruhari.sk\/cs\/wp-json\/wp\/v2\/media\/18239"}],"wp:attachment":[{"href":"https:\/\/okruhari.sk\/cs\/wp-json\/wp\/v2\/media?parent=18235"}],"wp:term":[{"taxonomy":"brand","embeddable":true,"href":"https:\/\/okruhari.sk\/cs\/wp-json\/wp\/v2\/etheme_brands?post=18235"},{"taxonomy":"product_cat","embeddable":true,"href":"https:\/\/okruhari.sk\/cs\/wp-json\/wp\/v2\/product_cat?post=18235"},{"taxonomy":"product_tag","embeddable":true,"href":"https:\/\/okruhari.sk\/cs\/wp-json\/wp\/v2\/product_tag?post=18235"}],"curies":[{"name":"wp","href":"https:\/\/api.w.org\/{rel}","templated":true}]}}