{"id":17886,"date":"2025-10-29T16:24:53","date_gmt":"2025-10-29T15:24:53","guid":{"rendered":"https:\/\/okruhari.sk\/produkt\/miesto-v-zdielanom-boxe-22-6-23-6-2026\/"},"modified":"2025-10-29T16:24:53","modified_gmt":"2025-10-29T15:24:53","slug":"miesto-v-zdielanom-boxe-22-6-23-6-2026","status":"publish","type":"product","link":"https:\/\/okruhari.sk\/cs\/produkt\/miesto-v-zdielanom-boxe-22-6-23-6-2026\/","title":{"rendered":"M\u00edsto ve sd\u00edlen\u00e9m boxu 22.6.-23.6.2026"},"content":{"rendered":"","protected":false},"excerpt":{"rendered":"<p>Jedno m\u00edsto ve sd\u00edlen\u00e9m boxu v term\u00ednu 22.\u201323. \u010dervna 2026. Do jednoho boxu je mo\u017en\u00e9 um\u00edstit maxim\u00e1ln\u011b 4 motocykly. Sou\u010d\u00e1st\u00ed ka\u017ed\u00e9ho boxu je elektrick\u00e1 z\u00e1suvka, osv\u011btlen\u00ed a uzamykateln\u00e9 dve\u0159e.  &nbsp;<\/p>\n","protected":false},"featured_media":17869,"template":"","meta":{"ngg_post_thumbnail":0},"etheme_brands":[],"product_cat":[],"product_tag":[],"class_list":{"0":"post-17886","1":"product","2":"type-product","3":"status-publish","4":"has-post-thumbnail","7":"first","8":"instock","9":"taxable","10":"shipping-taxable","11":"purchasable","12":"product-type-simple"},"_links":{"self":[{"href":"https:\/\/okruhari.sk\/cs\/wp-json\/wp\/v2\/product\/17886","targetHints":{"allow":["GET"]}}],"collection":[{"href":"https:\/\/okruhari.sk\/cs\/wp-json\/wp\/v2\/product"}],"about":[{"href":"https:\/\/okruhari.sk\/cs\/wp-json\/wp\/v2\/types\/product"}],"wp:featuredmedia":[{"embeddable":true,"href":"https:\/\/okruhari.sk\/cs\/wp-json\/wp\/v2\/media\/17869"}],"wp:attachment":[{"href":"https:\/\/okruhari.sk\/cs\/wp-json\/wp\/v2\/media?parent=17886"}],"wp:term":[{"taxonomy":"brand","embeddable":true,"href":"https:\/\/okruhari.sk\/cs\/wp-json\/wp\/v2\/etheme_brands?post=17886"},{"taxonomy":"product_cat","embeddable":true,"href":"https:\/\/okruhari.sk\/cs\/wp-json\/wp\/v2\/product_cat?post=17886"},{"taxonomy":"product_tag","embeddable":true,"href":"https:\/\/okruhari.sk\/cs\/wp-json\/wp\/v2\/product_tag?post=17886"}],"curies":[{"name":"wp","href":"https:\/\/api.w.org\/{rel}","templated":true}]}}