{"id":17868,"date":"2025-10-29T16:13:46","date_gmt":"2025-10-29T15:13:46","guid":{"rendered":"https:\/\/okruhari.sk\/produkt\/cely-box-20-5-21-5-2026\/"},"modified":"2025-10-29T16:13:46","modified_gmt":"2025-10-29T15:13:46","slug":"cely-box-20-5-21-5-2026","status":"publish","type":"product","link":"https:\/\/okruhari.sk\/cs\/produkt\/cely-box-20-5-21-5-2026\/","title":{"rendered":"Cel\u00fd box 20.5.-21.5.2026"},"content":{"rendered":"","protected":false},"excerpt":{"rendered":"<p>Pron\u00e1jem cel\u00e9ho boxu v term\u00ednu 20.5.-21.5.2026. Sou\u010d\u00e1st\u00ed ka\u017ed\u00e9ho boxu je elektrick\u00e1 z\u00e1suvka, osv\u011btlen\u00ed a zamykateln\u00e9 dve\u0159e. Pokud si p\u0159ejete konkr\u00e9tn\u00ed \u010d\u00edslo boxu, uve\u010fte tuto \u017e\u00e1dost do pozn\u00e1mky p\u0159i objedn\u00e1vce a budeme se sna\u017eit vyhov\u011bt.  &nbsp;<\/p>\n","protected":false},"featured_media":17867,"template":"","meta":{"ngg_post_thumbnail":0},"etheme_brands":[],"product_cat":[],"product_tag":[],"class_list":{"0":"post-17868","1":"product","2":"type-product","3":"status-publish","4":"has-post-thumbnail","7":"first","8":"instock","9":"taxable","10":"shipping-taxable","11":"purchasable","12":"product-type-simple"},"_links":{"self":[{"href":"https:\/\/okruhari.sk\/cs\/wp-json\/wp\/v2\/product\/17868","targetHints":{"allow":["GET"]}}],"collection":[{"href":"https:\/\/okruhari.sk\/cs\/wp-json\/wp\/v2\/product"}],"about":[{"href":"https:\/\/okruhari.sk\/cs\/wp-json\/wp\/v2\/types\/product"}],"wp:featuredmedia":[{"embeddable":true,"href":"https:\/\/okruhari.sk\/cs\/wp-json\/wp\/v2\/media\/17867"}],"wp:attachment":[{"href":"https:\/\/okruhari.sk\/cs\/wp-json\/wp\/v2\/media?parent=17868"}],"wp:term":[{"taxonomy":"brand","embeddable":true,"href":"https:\/\/okruhari.sk\/cs\/wp-json\/wp\/v2\/etheme_brands?post=17868"},{"taxonomy":"product_cat","embeddable":true,"href":"https:\/\/okruhari.sk\/cs\/wp-json\/wp\/v2\/product_cat?post=17868"},{"taxonomy":"product_tag","embeddable":true,"href":"https:\/\/okruhari.sk\/cs\/wp-json\/wp\/v2\/product_tag?post=17868"}],"curies":[{"name":"wp","href":"https:\/\/api.w.org\/{rel}","templated":true}]}}