{"id":16311,"date":"2025-09-16T08:00:03","date_gmt":"2025-09-16T06:00:03","guid":{"rendered":"https:\/\/okruhari.sk\/produkt\/22-6-23-6-2026\/"},"modified":"2025-11-01T12:14:49","modified_gmt":"2025-11-01T11:14:49","slug":"jun-22-23","status":"publish","type":"product","link":"https:\/\/okruhari.sk\/cs\/produkt\/jun-22-23\/","title":{"rendered":"22.6.-23.6.2026"},"content":{"rendered":"<p><strong>POND\u011aL\u00cd<\/strong><\/p>\n<ul>\n<li><strong>6 x 20 min voln\u00e9 m\u011b\u0159en\u00e9 j\u00edzdy<\/strong> ve \u010dty\u0159ech rychlostn\u00edch skupin\u00e1ch<\/li>\n<li><strong>maxim\u00e1ln\u00ed po\u010det jezdc\u016f na akci &#8211; 180<\/strong><\/li>\n<li>z\u00e1vody <strong>TIME ATTACK<\/strong><\/li>\n<li>celodenn\u00ed ob\u010derstven\u00ed v cen\u011b<\/li>\n<li>odpo\u010dinkov\u00e1 z\u00f3na<\/li>\n<\/ul>\n<p>          <strong>\u00daTER\u00dd<\/strong><\/p>\n<ul>\n<li><strong>6 x 20 min voln\u00e9 m\u011b\u0159en\u00e9 j\u00edzdy<\/strong> ve \u010dty\u0159ech rychlostn\u00edch skupin\u00e1ch<\/li>\n<li><strong>maxim\u00e1ln\u00ed po\u010det jezdc\u016f na akci &#8211; 180<\/strong><\/li>\n<li>z\u00e1vody <strong>TIME ATTACK<\/strong><\/li>\n<li>celodenn\u00ed ob\u010derstven\u00ed v cen\u011b<\/li>\n<li>odpo\u010dinkov\u00e1 z\u00f3na<\/li>\n<\/ul>\n","protected":false},"excerpt":{"rendered":"<p>          <strong>Uveden\u00e1 cena je v\u010detn\u011b DPH.<\/strong><\/p>\n<h1>\n            <a style=\"color: red;\" href=\"https:\/\/okruhari.sk\/wp-content\/uploads\/2025\/10\/jun-pondelok-utorok-2026.pdf\" target=\"_blank\" rel=\"noopener\">\u010cASOV\u00dd HARMONOGRAM<\/a><br \/>\n          <\/h1>\n","protected":false},"featured_media":17826,"template":"","meta":{"ngg_post_thumbnail":0},"etheme_brands":[],"product_cat":[],"product_tag":[],"class_list":{"0":"post-16311","1":"product","2":"type-product","3":"status-publish","4":"has-post-thumbnail","7":"first","8":"instock","9":"taxable","10":"shipping-taxable","11":"purchasable","12":"product-type-simple"},"_links":{"self":[{"href":"https:\/\/okruhari.sk\/cs\/wp-json\/wp\/v2\/product\/16311","targetHints":{"allow":["GET"]}}],"collection":[{"href":"https:\/\/okruhari.sk\/cs\/wp-json\/wp\/v2\/product"}],"about":[{"href":"https:\/\/okruhari.sk\/cs\/wp-json\/wp\/v2\/types\/product"}],"wp:featuredmedia":[{"embeddable":true,"href":"https:\/\/okruhari.sk\/cs\/wp-json\/wp\/v2\/media\/17826"}],"wp:attachment":[{"href":"https:\/\/okruhari.sk\/cs\/wp-json\/wp\/v2\/media?parent=16311"}],"wp:term":[{"taxonomy":"brand","embeddable":true,"href":"https:\/\/okruhari.sk\/cs\/wp-json\/wp\/v2\/etheme_brands?post=16311"},{"taxonomy":"product_cat","embeddable":true,"href":"https:\/\/okruhari.sk\/cs\/wp-json\/wp\/v2\/product_cat?post=16311"},{"taxonomy":"product_tag","embeddable":true,"href":"https:\/\/okruhari.sk\/cs\/wp-json\/wp\/v2\/product_tag?post=16311"}],"curies":[{"name":"wp","href":"https:\/\/api.w.org\/{rel}","templated":true}]}}