{"id":16244,"date":"2023-12-07T11:10:42","date_gmt":"2023-12-07T10:10:42","guid":{"rendered":"https:\/\/okruhari.sk\/produkt\/darkovy-poukaz-dvojdenni-jizda\/"},"modified":"2025-10-27T22:53:08","modified_gmt":"2025-10-27T21:53:08","slug":"darkovy-poukaz-dvojdenni-jizda","status":"publish","type":"product","link":"https:\/\/okruhari.sk\/cs\/produkt\/darkovy-poukaz-dvojdenni-jizda\/","title":{"rendered":"D\u00e1rkov\u00fd poukaz DVOJDENN\u00cd J\u00cdZDA"},"content":{"rendered":"<p>D\u00e1rkov\u00fd poukaz na dvoudenn\u00ed okruhov\u00e9 j\u00edzdy v roce 2026 zahrnuje:<\/p>\n<p><strong>Prvn\u00ed den<\/strong><\/p>\n<ul>\n<li><strong>6 x 20 min voln\u00e9 m\u011b\u0159en\u00e9 j\u00edzdy<\/strong> ve \u010dty\u0159ech rychlostn\u00edch skupin\u00e1ch<\/li>\n<li><strong>maxim\u00e1ln\u00ed po\u010det jezdc\u016f na akci &#8211; 180<\/strong><\/li>\n<li>z\u00e1vody <strong>PISTON RACE<\/strong><\/li>\n<li>Celodenn\u00ed ob\u010derstven\u00ed v cen\u011b<\/li>\n<li>Odpo\u010dinkov\u00e1 z\u00f3na<\/li>\n<\/ul>\n<p><strong>Druh\u00fd den<\/strong><\/p>\n<ul>\n<li><strong>6 x 20 min voln\u00e9 m\u011b\u0159en\u00e9 j\u00edzdy<\/strong> ve \u010dty\u0159ech rychlostn\u00edch skupin\u00e1ch<\/li>\n<li><strong>maxim\u00e1ln\u00ed po\u010det jezdc\u016f na akci &#8211; 180<\/strong><\/li>\n<li>z\u00e1vody <strong>PISTON RACE<\/strong><\/li>\n<li>Celodenn\u00ed ob\u010derstven\u00ed v cen\u011b<\/li>\n<li>Odpo\u010dinkov\u00e1 z\u00f3na<\/li>\n<\/ul>\n<p>&nbsp;<\/p>\n","protected":false},"excerpt":{"rendered":"<p>&nbsp;<\/p>\n<p>&nbsp;<\/p>\n","protected":false},"featured_media":18458,"template":"","meta":{"ngg_post_thumbnail":0},"etheme_brands":[],"product_cat":[126],"product_tag":[],"class_list":{"0":"post-16244","1":"product","2":"type-product","3":"status-publish","4":"has-post-thumbnail","6":"product_cat-darkove-poukazy","8":"first","9":"instock","10":"taxable","11":"shipping-taxable","12":"purchasable","13":"product-type-simple"},"_links":{"self":[{"href":"https:\/\/okruhari.sk\/cs\/wp-json\/wp\/v2\/product\/16244","targetHints":{"allow":["GET"]}}],"collection":[{"href":"https:\/\/okruhari.sk\/cs\/wp-json\/wp\/v2\/product"}],"about":[{"href":"https:\/\/okruhari.sk\/cs\/wp-json\/wp\/v2\/types\/product"}],"wp:featuredmedia":[{"embeddable":true,"href":"https:\/\/okruhari.sk\/cs\/wp-json\/wp\/v2\/media\/18458"}],"wp:attachment":[{"href":"https:\/\/okruhari.sk\/cs\/wp-json\/wp\/v2\/media?parent=16244"}],"wp:term":[{"taxonomy":"brand","embeddable":true,"href":"https:\/\/okruhari.sk\/cs\/wp-json\/wp\/v2\/etheme_brands?post=16244"},{"taxonomy":"product_cat","embeddable":true,"href":"https:\/\/okruhari.sk\/cs\/wp-json\/wp\/v2\/product_cat?post=16244"},{"taxonomy":"product_tag","embeddable":true,"href":"https:\/\/okruhari.sk\/cs\/wp-json\/wp\/v2\/product_tag?post=16244"}],"curies":[{"name":"wp","href":"https:\/\/api.w.org\/{rel}","templated":true}]}}