{"id":17837,"date":"2025-10-26T11:09:25","date_gmt":"2025-10-26T10:09:25","guid":{"rendered":"https:\/\/okruhari.sk\/kosik-2\/"},"modified":"2025-10-29T14:03:41","modified_gmt":"2025-10-29T13:03:41","slug":"kosik-2","status":"publish","type":"page","link":"https:\/\/okruhari.sk\/cs\/kosik-2\/","title":{"rendered":"Ko\u0161\u00edk"},"content":{"rendered":"<div data-block-name=\"woocommerce\/cart\" class=\"wp-block-woocommerce-cart alignwide is-loading\"><div data-block-name=\"woocommerce\/filled-cart-block\" class=\"wp-block-woocommerce-filled-cart-block\"><div data-block-name=\"woocommerce\/cart-items-block\" class=\"wp-block-woocommerce-cart-items-block\"><div data-block-name=\"woocommerce\/cart-line-items-block\" class=\"wp-block-woocommerce-cart-line-items-block\"><\/div>\n\n<div data-block-name=\"woocommerce\/cart-cross-sells-block\" class=\"wp-block-woocommerce-cart-cross-sells-block\"><h2 class=\"wp-block-heading has-large-font-size\">Mohlo by t\u011b zaj\u00edmat&#8230;<\/h2>\n\n<div data-block-name=\"woocommerce\/cart-cross-sells-products-block\" class=\"wp-block-woocommerce-cart-cross-sells-products-block\"><\/div><\/div><\/div>\n\n<div data-block-name=\"woocommerce\/cart-totals-block\" class=\"wp-block-woocommerce-cart-totals-block\"><div data-block-name=\"woocommerce\/cart-order-summary-block\" class=\"wp-block-woocommerce-cart-order-summary-block\"><div data-block-name=\"woocommerce\/cart-order-summary-heading-block\" class=\"wp-block-woocommerce-cart-order-summary-heading-block\"><\/div><div data-block-name=\"woocommerce\/cart-order-summary-coupon-form-block\" class=\"wp-block-woocommerce-cart-order-summary-coupon-form-block\"><\/div><div data-block-name=\"woocommerce\/cart-order-summary-totals-block\" class=\"wp-block-woocommerce-cart-order-summary-totals-block\">\n<div data-block-name=\"woocommerce\/cart-order-summary-subtotal-block\" class=\"wp-block-woocommerce-cart-order-summary-subtotal-block\"><\/div>\n<div data-block-name=\"woocommerce\/cart-order-summary-discount-block\" class=\"wp-block-woocommerce-cart-order-summary-discount-block\"><\/div>\n<div data-block-name=\"woocommerce\/cart-order-summary-fee-block\" class=\"wp-block-woocommerce-cart-order-summary-fee-block\"><\/div>\n<div data-block-name=\"woocommerce\/cart-order-summary-shipping-block\" class=\"wp-block-woocommerce-cart-order-summary-shipping-block\"><\/div>\n<div data-block-name=\"woocommerce\/cart-order-summary-taxes-block\" class=\"wp-block-woocommerce-cart-order-summary-taxes-block\"><\/div><\/div><\/div>\n\n<div data-block-name=\"woocommerce\/cart-express-payment-block\" class=\"wp-block-woocommerce-cart-express-payment-block\"><\/div>\n\n<div data-block-name=\"woocommerce\/proceed-to-checkout-block\" class=\"wp-block-woocommerce-proceed-to-checkout-block\"><\/div>\n\n<div data-block-name=\"woocommerce\/cart-accepted-payment-methods-block\" class=\"wp-block-woocommerce-cart-accepted-payment-methods-block\"><\/div><\/div><\/div>\n\n<div data-block-name=\"woocommerce\/empty-cart-block\" class=\"wp-block-woocommerce-empty-cart-block\"><h2 class=\"wp-block-heading has-text-align-center with-empty-cart-icon wc-block-cart__empty-cart__title\">Tv\u016fj ko\u0161\u00edk je moment\u00e1ln\u011b pr\u00e1zdn\u00fd!<\/h2>\n\n<hr class=\"wp-block-separator has-alpha-channel-opacity is-style-dots\"\/>\n\n<h2 class=\"wp-block-heading has-text-align-center\">Novinky v obchod\u011b<\/h2>\n\n<div data-block-name=\"woocommerce\/product-new\" data-columns=\"4\" data-rows=\"1\" class=\"wc-block-grid wp-block-product-new wc-block-product-new has-4-columns\"><ul class=\"wc-block-grid__products\"><li class=\"wc-block-grid__product\">\n\t\t\t\t<a href=\"https:\/\/okruhari.sk\/cs\/produkt\/22-6-23-6-2026-kopia\/\" class=\"wc-block-grid__product-link\">\n\t\t\t\t\t\n\t\t\t\t\t<div class=\"wc-block-grid__product-image\"><img loading=\"lazy\" loading=\"lazy\" decoding=\"async\" width=\"400\" height=\"400\" src=\"https:\/\/okruhari.sk\/wp-content\/uploads\/2026\/04\/sezonny-2026-400x400.png\" class=\"attachment-woocommerce_thumbnail size-woocommerce_thumbnail wvs-archive-product-image\" alt=\"22.6.-23.6.2026 (K\u00f3pia)\" srcset=\"https:\/\/okruhari.sk\/wp-content\/uploads\/2026\/04\/sezonny-2026-400x400.png 400w, https:\/\/okruhari.sk\/wp-content\/uploads\/2026\/04\/sezonny-2026-100x100.png 100w, https:\/\/okruhari.sk\/wp-content\/uploads\/2026\/04\/sezonny-2026-300x300.png 300w, https:\/\/okruhari.sk\/wp-content\/uploads\/2026\/04\/sezonny-2026-1024x1024.png 1024w, https:\/\/okruhari.sk\/wp-content\/uploads\/2026\/04\/sezonny-2026-150x150.png 150w, https:\/\/okruhari.sk\/wp-content\/uploads\/2026\/04\/sezonny-2026-768x768.png 768w, https:\/\/okruhari.sk\/wp-content\/uploads\/2026\/04\/sezonny-2026-50x50.png 50w, https:\/\/okruhari.sk\/wp-content\/uploads\/2026\/04\/sezonny-2026-1x1.png 1w, https:\/\/okruhari.sk\/wp-content\/uploads\/2026\/04\/sezonny-2026-10x10.png 10w, https:\/\/okruhari.sk\/wp-content\/uploads\/2026\/04\/sezonny-2026.png 1254w\" sizes=\"auto, (max-width: 400px) 100vw, 400px\" \/><\/div>\n\t\t\t\t\t<div class=\"wc-block-grid__product-title\">22.6.-23.6.2026 (K\u00f3pia)<\/div>\n\t\t\t\t<\/a>\n\t\t\t\t<div class=\"wc-block-grid__product-price price\"><span class=\"woocommerce-Price-amount amount\">799,00&nbsp;<span class=\"woocommerce-Price-currencySymbol\">&euro;<\/span><\/span><\/div>\n\t\t\t\t\n\t\t\t\t<div class=\"wp-block-button wc-block-grid__product-add-to-cart\"><a href=\"?add-to-cart=18428\" aria-label=\"P\u0159idat do ko\u0161\u00edku: &ldquo;22.6.-23.6.2026 (K\u00f3pia)&rdquo;\" data-quantity=\"1\" data-product_id=\"18428\" data-product_sku=\"\" data-price=\"799\" rel=\"nofollow\" class=\"wp-block-button__link  add_to_cart_button ajax_add_to_cart\">P\u0159idat do ko\u0161\u00edku<\/a><\/div>\n\t\t\t<\/li><li class=\"wc-block-grid__product\">\n\t\t\t\t<a href=\"https:\/\/okruhari.sk\/cs\/produkt\/20-5-21-5-2026-kopia-kopia\/\" class=\"wc-block-grid__product-link\">\n\t\t\t\t\t\n\t\t\t\t\t<div class=\"wc-block-grid__product-image\"><img loading=\"lazy\" loading=\"lazy\" decoding=\"async\" width=\"400\" height=\"400\" src=\"https:\/\/okruhari.sk\/wp-content\/uploads\/2026\/04\/september-gpt-400x400.png\" class=\"attachment-woocommerce_thumbnail size-woocommerce_thumbnail wvs-archive-product-image\" alt=\"20.5.-21.5.2026 (K\u00f3pia) (K\u00f3pia)\" srcset=\"https:\/\/okruhari.sk\/wp-content\/uploads\/2026\/04\/september-gpt-400x400.png 400w, https:\/\/okruhari.sk\/wp-content\/uploads\/2026\/04\/september-gpt-100x100.png 100w, https:\/\/okruhari.sk\/wp-content\/uploads\/2026\/04\/september-gpt-300x300.png 300w, https:\/\/okruhari.sk\/wp-content\/uploads\/2026\/04\/september-gpt-150x150.png 150w, https:\/\/okruhari.sk\/wp-content\/uploads\/2026\/04\/september-gpt-768x768.png 768w, https:\/\/okruhari.sk\/wp-content\/uploads\/2026\/04\/september-gpt-50x50.png 50w, https:\/\/okruhari.sk\/wp-content\/uploads\/2026\/04\/september-gpt-1x1.png 1w, https:\/\/okruhari.sk\/wp-content\/uploads\/2026\/04\/september-gpt-10x10.png 10w, https:\/\/okruhari.sk\/wp-content\/uploads\/2026\/04\/september-gpt.png 1024w\" sizes=\"auto, (max-width: 400px) 100vw, 400px\" \/><\/div>\n\t\t\t\t\t<div class=\"wc-block-grid__product-title\">20.5.-21.5.2026 (K\u00f3pia) (K\u00f3pia)<\/div>\n\t\t\t\t<\/a>\n\t\t\t\t<div class=\"wc-block-grid__product-price price\"><span class=\"woocommerce-Price-amount amount\">319,00&nbsp;<span class=\"woocommerce-Price-currencySymbol\">&euro;<\/span><\/span><\/div>\n\t\t\t\t\n\t\t\t\t<div class=\"wp-block-button wc-block-grid__product-add-to-cart\"><a href=\"?add-to-cart=18248\" aria-label=\"P\u0159idat do ko\u0161\u00edku: &ldquo;22.6.-23.6.2026 (K\u00f3pia)&rdquo;\" data-quantity=\"1\" data-product_id=\"18248\" data-product_sku=\"\" data-price=\"319\" rel=\"nofollow\" class=\"wp-block-button__link  add_to_cart_button ajax_add_to_cart\">P\u0159idat do ko\u0161\u00edku<\/a><\/div>\n\t\t\t<\/li><li class=\"wc-block-grid__product\">\n\t\t\t\t<a href=\"https:\/\/okruhari.sk\/cs\/produkt\/20-5-21-5-2026-kopia-kopia-2\/\" class=\"wc-block-grid__product-link\">\n\t\t\t\t\t\n\t\t\t\t\t<div class=\"wc-block-grid__product-image\"><img loading=\"lazy\" loading=\"lazy\" decoding=\"async\" width=\"400\" height=\"400\" src=\"https:\/\/okruhari.sk\/wp-content\/uploads\/2026\/04\/jun-gpt-400x400.png\" class=\"attachment-woocommerce_thumbnail size-woocommerce_thumbnail wvs-archive-product-image\" alt=\"20.5.-21.5.2026 (K\u00f3pia) (K\u00f3pia)\" srcset=\"https:\/\/okruhari.sk\/wp-content\/uploads\/2026\/04\/jun-gpt-400x400.png 400w, https:\/\/okruhari.sk\/wp-content\/uploads\/2026\/04\/jun-gpt-100x100.png 100w, https:\/\/okruhari.sk\/wp-content\/uploads\/2026\/04\/jun-gpt-300x300.png 300w, https:\/\/okruhari.sk\/wp-content\/uploads\/2026\/04\/jun-gpt-150x150.png 150w, https:\/\/okruhari.sk\/wp-content\/uploads\/2026\/04\/jun-gpt-768x768.png 768w, https:\/\/okruhari.sk\/wp-content\/uploads\/2026\/04\/jun-gpt-50x50.png 50w, https:\/\/okruhari.sk\/wp-content\/uploads\/2026\/04\/jun-gpt-1x1.png 1w, https:\/\/okruhari.sk\/wp-content\/uploads\/2026\/04\/jun-gpt-10x10.png 10w, https:\/\/okruhari.sk\/wp-content\/uploads\/2026\/04\/jun-gpt.png 1024w\" sizes=\"auto, (max-width: 400px) 100vw, 400px\" \/><\/div>\n\t\t\t\t\t<div class=\"wc-block-grid__product-title\">20.5.-21.5.2026 (K\u00f3pia) (K\u00f3pia)<\/div>\n\t\t\t\t<\/a>\n\t\t\t\t<div class=\"wc-block-grid__product-price price\"><span class=\"woocommerce-Price-amount amount\">319,00&nbsp;<span class=\"woocommerce-Price-currencySymbol\">&euro;<\/span><\/span><\/div>\n\t\t\t\t\n\t\t\t\t<div class=\"wp-block-button wc-block-grid__product-add-to-cart\"><a href=\"?add-to-cart=18244\" aria-label=\"P\u0159idat do ko\u0161\u00edku: &ldquo;22.6.-23.6.2026 (K\u00f3pia)&rdquo;\" data-quantity=\"1\" data-product_id=\"18244\" data-product_sku=\"\" data-price=\"319\" rel=\"nofollow\" class=\"wp-block-button__link  add_to_cart_button ajax_add_to_cart\">P\u0159idat do ko\u0161\u00edku<\/a><\/div>\n\t\t\t<\/li><li class=\"wc-block-grid__product\">\n\t\t\t\t<a href=\"https:\/\/okruhari.sk\/cs\/produkt\/20-5-21-5-2026-kopia\/\" class=\"wc-block-grid__product-link\">\n\t\t\t\t\t\n\t\t\t\t\t<div class=\"wc-block-grid__product-image\"><img loading=\"lazy\" loading=\"lazy\" decoding=\"async\" width=\"400\" height=\"400\" src=\"https:\/\/okruhari.sk\/wp-content\/uploads\/2026\/04\/maj-moto-gpt-400x400.png\" class=\"attachment-woocommerce_thumbnail size-woocommerce_thumbnail wvs-archive-product-image\" alt=\"20.5.-21.5.2026 (K\u00f3pia)\" srcset=\"https:\/\/okruhari.sk\/wp-content\/uploads\/2026\/04\/maj-moto-gpt-400x400.png 400w, https:\/\/okruhari.sk\/wp-content\/uploads\/2026\/04\/maj-moto-gpt-100x100.png 100w, https:\/\/okruhari.sk\/wp-content\/uploads\/2026\/04\/maj-moto-gpt-300x300.png 300w, https:\/\/okruhari.sk\/wp-content\/uploads\/2026\/04\/maj-moto-gpt-150x150.png 150w, https:\/\/okruhari.sk\/wp-content\/uploads\/2026\/04\/maj-moto-gpt-768x768.png 768w, https:\/\/okruhari.sk\/wp-content\/uploads\/2026\/04\/maj-moto-gpt-50x50.png 50w, https:\/\/okruhari.sk\/wp-content\/uploads\/2026\/04\/maj-moto-gpt-1x1.png 1w, https:\/\/okruhari.sk\/wp-content\/uploads\/2026\/04\/maj-moto-gpt-10x10.png 10w, https:\/\/okruhari.sk\/wp-content\/uploads\/2026\/04\/maj-moto-gpt.png 1024w\" sizes=\"auto, (max-width: 400px) 100vw, 400px\" \/><\/div>\n\t\t\t\t\t<div class=\"wc-block-grid__product-title\">20.5.-21.5.2026 (K\u00f3pia)<\/div>\n\t\t\t\t<\/a>\n\t\t\t\t<div class=\"wc-block-grid__product-price price\"><span class=\"woocommerce-Price-amount amount\">319,00&nbsp;<span class=\"woocommerce-Price-currencySymbol\">&euro;<\/span><\/span><\/div>\n\t\t\t\t\n\t\t\t\t<div class=\"wp-block-button wc-block-grid__product-add-to-cart\"><a href=\"?add-to-cart=18235\" aria-label=\"P\u0159idat do ko\u0161\u00edku: &ldquo;22.6.-23.6.2026 (K\u00f3pia)&rdquo;\" data-quantity=\"1\" data-product_id=\"18235\" data-product_sku=\"\" data-price=\"319\" rel=\"nofollow\" class=\"wp-block-button__link  add_to_cart_button ajax_add_to_cart\">P\u0159idat do ko\u0161\u00edku<\/a><\/div>\n\t\t\t<\/li><\/ul><\/div><\/div><\/div>","protected":false},"excerpt":{"rendered":"","protected":false},"author":1,"featured_media":0,"parent":0,"menu_order":0,"comment_status":"closed","ping_status":"closed","template":"","meta":{"ngg_post_thumbnail":0,"footnotes":""},"class_list":["post-17837","page","type-page","status-publish","hentry"],"_links":{"self":[{"href":"https:\/\/okruhari.sk\/cs\/wp-json\/wp\/v2\/pages\/17837","targetHints":{"allow":["GET"]}}],"collection":[{"href":"https:\/\/okruhari.sk\/cs\/wp-json\/wp\/v2\/pages"}],"about":[{"href":"https:\/\/okruhari.sk\/cs\/wp-json\/wp\/v2\/types\/page"}],"author":[{"embeddable":true,"href":"https:\/\/okruhari.sk\/cs\/wp-json\/wp\/v2\/users\/1"}],"replies":[{"embeddable":true,"href":"https:\/\/okruhari.sk\/cs\/wp-json\/wp\/v2\/comments?post=17837"}],"version-history":[{"count":1,"href":"https:\/\/okruhari.sk\/cs\/wp-json\/wp\/v2\/pages\/17837\/revisions"}],"predecessor-version":[{"id":17838,"href":"https:\/\/okruhari.sk\/cs\/wp-json\/wp\/v2\/pages\/17837\/revisions\/17838"}],"wp:attachment":[{"href":"https:\/\/okruhari.sk\/cs\/wp-json\/wp\/v2\/media?parent=17837"}],"curies":[{"name":"wp","href":"https:\/\/api.w.org\/{rel}","templated":true}]}}