{"id":17588,"date":"2025-10-26T11:09:25","date_gmt":"2025-10-26T10:09:25","guid":{"rendered":"https:\/\/okruhari.sk\/muj-ucet\/"},"modified":"2025-10-28T19:56:28","modified_gmt":"2025-10-28T18:56:28","slug":"muj-ucet","status":"publish","type":"page","link":"https:\/\/okruhari.sk\/cs\/muj-ucet\/","title":{"rendered":"M\u016fj \u00fa\u010det"},"content":{"rendered":"\t\t<div data-elementor-type=\"wp-page\" data-elementor-id=\"17588\" class=\"elementor elementor-17588 elementor-16776\" data-elementor-post-type=\"page\">\n\t\t\t\t<div class=\"elementor-element elementor-element-429753e6 e-flex e-con-boxed e-con e-parent\" data-id=\"429753e6\" data-element_type=\"container\">\n\t\t\t\t\t<div class=\"e-con-inner\">\n\t\t\t\t<div class=\"elementor-element elementor-element-2e02834d elementor-widget elementor-widget-text-editor\" data-id=\"2e02834d\" data-element_type=\"widget\" data-widget_type=\"text-editor.default\">\n\t\t\t\t<div class=\"elementor-widget-container\">\n\t\t\t\t\t\t\t\t\t<div class=\"woocommerce\"><\/div>\t\t\t\t\t\t\t\t<\/div>\n\t\t\t\t<\/div>\n\t\t\t\t\t<\/div>\n\t\t\t\t<\/div>\n\t\t\t\t<\/div>\n\t\t","protected":false},"excerpt":{"rendered":"","protected":false},"author":1,"featured_media":0,"parent":0,"menu_order":0,"comment_status":"closed","ping_status":"closed","template":"","meta":{"ngg_post_thumbnail":0,"footnotes":""},"class_list":["post-17588","page","type-page","status-publish","hentry"],"_links":{"self":[{"href":"https:\/\/okruhari.sk\/cs\/wp-json\/wp\/v2\/pages\/17588","targetHints":{"allow":["GET"]}}],"collection":[{"href":"https:\/\/okruhari.sk\/cs\/wp-json\/wp\/v2\/pages"}],"about":[{"href":"https:\/\/okruhari.sk\/cs\/wp-json\/wp\/v2\/types\/page"}],"author":[{"embeddable":true,"href":"https:\/\/okruhari.sk\/cs\/wp-json\/wp\/v2\/users\/1"}],"replies":[{"embeddable":true,"href":"https:\/\/okruhari.sk\/cs\/wp-json\/wp\/v2\/comments?post=17588"}],"version-history":[{"count":5,"href":"https:\/\/okruhari.sk\/cs\/wp-json\/wp\/v2\/pages\/17588\/revisions"}],"predecessor-version":[{"id":17710,"href":"https:\/\/okruhari.sk\/cs\/wp-json\/wp\/v2\/pages\/17588\/revisions\/17710"}],"wp:attachment":[{"href":"https:\/\/okruhari.sk\/cs\/wp-json\/wp\/v2\/media?parent=17588"}],"curies":[{"name":"wp","href":"https:\/\/api.w.org\/{rel}","templated":true}]}}