{"id":17538,"date":"2025-10-26T20:50:02","date_gmt":"2025-10-26T19:50:02","guid":{"rendered":"https:\/\/okruhari.sk\/zavody-2\/"},"modified":"2026-04-19T16:34:39","modified_gmt":"2026-04-19T14:34:39","slug":"zavody-2","status":"publish","type":"page","link":"https:\/\/okruhari.sk\/cs\/zavody-2\/","title":{"rendered":"Nov\u00e9 z\u00e1vody"},"content":{"rendered":"\t\t<div data-elementor-type=\"wp-page\" data-elementor-id=\"17538\" class=\"elementor elementor-17538 elementor-17257\" data-elementor-post-type=\"page\">\n\t\t\t\t<div class=\"elementor-element elementor-element-23530a5 e-con-full e-flex e-con e-parent\" data-id=\"23530a5\" data-element_type=\"container\" data-settings=\"{&quot;background_background&quot;:&quot;classic&quot;}\">\n\t\t\t\t<div class=\"elementor-element elementor-element-27d9b12 elementor-widget elementor-widget-heading\" data-id=\"27d9b12\" data-element_type=\"widget\" data-widget_type=\"heading.default\">\n\t\t\t\t<div class=\"elementor-widget-container\">\n\t\t\t\t\t<h2 class=\"elementor-heading-title elementor-size-default\">Z\u00e1vody<\/h2>\t\t\t\t<\/div>\n\t\t\t\t<\/div>\n\t\t\t\t<\/div>\n\t\t<div class=\"elementor-element elementor-element-59e13ad e-con-full e-flex e-con e-parent\" data-id=\"59e13ad\" data-element_type=\"container\" data-settings=\"{&quot;background_background&quot;:&quot;gradient&quot;}\">\n\t\t<div class=\"elementor-element elementor-element-f59cf6e e-con-full e-flex e-con e-child\" data-id=\"f59cf6e\" data-element_type=\"container\">\n\t\t\t\t<div class=\"elementor-element elementor-element-a80781a elementor-widget elementor-widget-heading\" data-id=\"a80781a\" data-element_type=\"widget\" data-widget_type=\"heading.default\">\n\t\t\t\t<div class=\"elementor-widget-container\">\n\t\t\t\t\t<h2 class=\"elementor-heading-title elementor-size-default\">Z\u00e1vody \u2013 TIME ATTACK<\/h2>\t\t\t\t<\/div>\n\t\t\t\t<\/div>\n\t\t\t\t<div class=\"elementor-element elementor-element-bfe03a5 elementor-icon-list--layout-traditional elementor-list-item-link-full_width elementor-widget elementor-widget-icon-list\" data-id=\"bfe03a5\" data-element_type=\"widget\" data-widget_type=\"icon-list.default\">\n\t\t\t\t<div class=\"elementor-widget-container\">\n\t\t\t\t\t\t\t<ul class=\"elementor-icon-list-items\">\n\t\t\t\t\t\t\t<li class=\"elementor-icon-list-item\">\n\t\t\t\t\t\t\t\t\t\t\t<span class=\"elementor-icon-list-icon\">\n\t\t\t\t\t\t\t<i aria-hidden=\"true\" class=\"fas fa-check-circle\"><\/i>\t\t\t\t\t\t<\/span>\n\t\t\t\t\t\t\t\t\t\t<span class=\"elementor-icon-list-text\">Tyto z\u00e1vody se organizuj\u00ed pro ka\u017edou rychlostn\u00ed skupinu samostatn\u011b (A,B,C,D resp. 1,2,3,4)<\/span>\n\t\t\t\t\t\t\t\t\t<\/li>\n\t\t\t\t\t\t\t\t<li class=\"elementor-icon-list-item\">\n\t\t\t\t\t\t\t\t\t\t\t<span class=\"elementor-icon-list-icon\">\n\t\t\t\t\t\t\t<i aria-hidden=\"true\" class=\"fas fa-check-circle\"><\/i>\t\t\t\t\t\t<\/span>\n\t\t\t\t\t\t\t\t\t\t<span class=\"elementor-icon-list-text\">B\u011bhem dne ka\u017ed\u00e1 rychlostn\u00ed skupina podle harmonogramu absolvuje \u0161est 20minutov\u00fdch j\u00edzd<\/span>\n\t\t\t\t\t\t\t\t\t<\/li>\n\t\t\t\t\t\t\t\t<li class=\"elementor-icon-list-item\">\n\t\t\t\t\t\t\t\t\t\t\t<span class=\"elementor-icon-list-icon\">\n\t\t\t\t\t\t\t<i aria-hidden=\"true\" class=\"fas fa-check-circle\"><\/i>\t\t\t\t\t\t<\/span>\n\t\t\t\t\t\t\t\t\t\t<span class=\"elementor-icon-list-text\">V\u00edt\u011bzem z\u00e1vodu se st\u00e1v\u00e1 jezdec, kter\u00fd v ur\u010den\u00e9m m\u011b\u0159en\u00e9m okn\u011b \u201cTIME ATTACK\u201c dos\u00e1hne nejrychlej\u0161\u00ed \u010das na jedno kolo<\/span>\n\t\t\t\t\t\t\t\t\t<\/li>\n\t\t\t\t\t\t\t\t<li class=\"elementor-icon-list-item\">\n\t\t\t\t\t\t\t\t\t\t\t<span class=\"elementor-icon-list-icon\">\n\t\t\t\t\t\t\t<i aria-hidden=\"true\" class=\"fas fa-check-circle\"><\/i>\t\t\t\t\t\t<\/span>\n\t\t\t\t\t\t\t\t\t\t<span class=\"elementor-icon-list-text\">M\u011b\u0159en\u00e9 okno \u201cTIME ATTACK\u201c jsou v\u017edy dv\u011b ur\u010den\u00e9 20minutovky v prvn\u00ed i druh\u00fd den akce (viz harmonogram). B\u011bhem t\u011bchto dvou 20minutovek se ka\u017ed\u00fd jezdec ve sv\u00e9 rychlostn\u00ed skupin\u011b sna\u017e\u00ed o dosa\u017een\u00ed sv\u00e9ho nejlep\u0161\u00edho \u010dasu <\/span>\n\t\t\t\t\t\t\t\t\t<\/li>\n\t\t\t\t\t\t\t\t<li class=\"elementor-icon-list-item\">\n\t\t\t\t\t\t\t\t\t\t\t<span class=\"elementor-icon-list-icon\">\n\t\t\t\t\t\t\t<i aria-hidden=\"true\" class=\"fas fa-check-circle\"><\/i>\t\t\t\t\t\t<\/span>\n\t\t\t\t\t\t\t\t\t\t<span class=\"elementor-icon-list-text\">V ka\u017ed\u00e9 rychlostn\u00ed skupin\u011b bude ocen\u011bno 5 nejrychlej\u0161\u00edch jezdc\u016f<\/span>\n\t\t\t\t\t\t\t\t\t<\/li>\n\t\t\t\t\t\t<\/ul>\n\t\t\t\t\t\t<\/div>\n\t\t\t\t<\/div>\n\t\t\t\t<\/div>\n\t\t<div class=\"elementor-element elementor-element-b6d4b7c e-con-full e-flex e-con e-child\" data-id=\"b6d4b7c\" data-element_type=\"container\">\n\t\t\t\t<div class=\"elementor-element elementor-element-9b95449 elementor-widget elementor-widget-image\" data-id=\"9b95449\" data-element_type=\"widget\" data-widget_type=\"image.default\">\n\t\t\t\t<div class=\"elementor-widget-container\">\n\t\t\t\t\t\t\t\t\t\t\t\t\t\t\t<img loading=\"lazy\" loading=\"lazy\" decoding=\"async\" width=\"1024\" height=\"683\" src=\"https:\/\/okruhari.sk\/wp-content\/uploads\/2025\/10\/480607318_646495367889352_5121872205766897921_n-1024x683.jpg\" class=\"attachment-large size-large wp-image-17399 wvs-archive-product-image\" alt=\"\" srcset=\"https:\/\/okruhari.sk\/wp-content\/uploads\/2025\/10\/480607318_646495367889352_5121872205766897921_n-1024x683.jpg 1024w, https:\/\/okruhari.sk\/wp-content\/uploads\/2025\/10\/480607318_646495367889352_5121872205766897921_n-400x267.jpg 400w, https:\/\/okruhari.sk\/wp-content\/uploads\/2025\/10\/480607318_646495367889352_5121872205766897921_n-300x200.jpg 300w, https:\/\/okruhari.sk\/wp-content\/uploads\/2025\/10\/480607318_646495367889352_5121872205766897921_n-768x512.jpg 768w, https:\/\/okruhari.sk\/wp-content\/uploads\/2025\/10\/480607318_646495367889352_5121872205766897921_n-1536x1024.jpg 1536w, https:\/\/okruhari.sk\/wp-content\/uploads\/2025\/10\/480607318_646495367889352_5121872205766897921_n-1x1.jpg 1w, https:\/\/okruhari.sk\/wp-content\/uploads\/2025\/10\/480607318_646495367889352_5121872205766897921_n-10x7.jpg 10w, https:\/\/okruhari.sk\/wp-content\/uploads\/2025\/10\/480607318_646495367889352_5121872205766897921_n.jpg 2048w\" sizes=\"auto, (max-width: 1024px) 100vw, 1024px\" \/>\t\t\t\t\t\t\t\t\t\t\t\t\t\t\t<\/div>\n\t\t\t\t<\/div>\n\t\t\t\t<\/div>\n\t\t\t\t<\/div>\n\t\t\t\t<\/div>\n\t\t","protected":false},"excerpt":{"rendered":"<p>Z\u00e1vody Z\u00e1vody \u2013 TIME ATTACK Tyto z\u00e1vody se organizuj\u00ed pro ka\u017edou rychlostn\u00ed skupinu samostatn\u011b (A,B,C,D resp. 1,2,3,4) B\u011bhem dne ka\u017ed\u00e1 rychlostn\u00ed skupina podle harmonogramu absolvuje&#8230;<\/p>\n","protected":false},"author":5694,"featured_media":0,"parent":0,"menu_order":0,"comment_status":"closed","ping_status":"closed","template":"elementor_header_footer","meta":{"ngg_post_thumbnail":0,"footnotes":""},"class_list":["post-17538","page","type-page","status-publish","hentry"],"_links":{"self":[{"href":"https:\/\/okruhari.sk\/cs\/wp-json\/wp\/v2\/pages\/17538","targetHints":{"allow":["GET"]}}],"collection":[{"href":"https:\/\/okruhari.sk\/cs\/wp-json\/wp\/v2\/pages"}],"about":[{"href":"https:\/\/okruhari.sk\/cs\/wp-json\/wp\/v2\/types\/page"}],"author":[{"embeddable":true,"href":"https:\/\/okruhari.sk\/cs\/wp-json\/wp\/v2\/users\/5694"}],"replies":[{"embeddable":true,"href":"https:\/\/okruhari.sk\/cs\/wp-json\/wp\/v2\/comments?post=17538"}],"version-history":[{"count":4,"href":"https:\/\/okruhari.sk\/cs\/wp-json\/wp\/v2\/pages\/17538\/revisions"}],"predecessor-version":[{"id":18464,"href":"https:\/\/okruhari.sk\/cs\/wp-json\/wp\/v2\/pages\/17538\/revisions\/18464"}],"wp:attachment":[{"href":"https:\/\/okruhari.sk\/cs\/wp-json\/wp\/v2\/media?parent=17538"}],"curies":[{"name":"wp","href":"https:\/\/api.w.org\/{rel}","templated":true}]}}