{"id":16486,"date":"2022-12-09T10:23:14","date_gmt":"2022-12-09T09:23:14","guid":{"rendered":"https:\/\/okruhari.sk\/obchodni-podminky\/"},"modified":"2025-10-28T21:10:55","modified_gmt":"2025-10-28T20:10:55","slug":"obchodni-podminky","status":"publish","type":"page","link":"https:\/\/okruhari.sk\/cs\/obchodni-podminky\/","title":{"rendered":"Obchodn\u00ed podm\u00ednky"},"content":{"rendered":"\t\t<div data-elementor-type=\"wp-page\" data-elementor-id=\"16486\" class=\"elementor elementor-16486 elementor-9804\" data-elementor-post-type=\"page\">\n\t\t\t\t\t\t<section class=\"elementor-section elementor-top-section elementor-element elementor-element-55ba72f elementor-section-boxed elementor-section-height-default elementor-section-height-default\" data-id=\"55ba72f\" data-element_type=\"section\">\n\t\t\t\t\t\t<div class=\"elementor-container elementor-column-gap-default\">\n\t\t\t\t\t<div class=\"elementor-column elementor-col-100 elementor-top-column elementor-element elementor-element-ebf50cd\" data-id=\"ebf50cd\" data-element_type=\"column\">\n\t\t\t<div class=\"elementor-widget-wrap elementor-element-populated\">\n\t\t\t\t\t\t<section class=\"elementor-section elementor-inner-section elementor-element elementor-element-3178888 elementor-section-boxed elementor-section-height-default elementor-section-height-default\" data-id=\"3178888\" data-element_type=\"section\">\n\t\t\t\t\t\t<div class=\"elementor-container elementor-column-gap-default\">\n\t\t\t\t\t<div class=\"elementor-column elementor-col-100 elementor-inner-column elementor-element elementor-element-55c28d7\" data-id=\"55c28d7\" data-element_type=\"column\">\n\t\t\t<div class=\"elementor-widget-wrap elementor-element-populated\">\n\t\t\t\t\t\t<div class=\"elementor-element elementor-element-dca86e5 elementor-widget elementor-widget-text-editor\" data-id=\"dca86e5\" data-element_type=\"widget\" data-widget_type=\"text-editor.default\">\n\t\t\t\t<div class=\"elementor-widget-container\">\n\t\t\t\t\t\t\t\t\t<p><strong>Obchodn\u00ed podm\u00ednky<\/strong><\/p>\n<p>\u010cL\u00c1NEK I.<br>Z\u00c1KLADN\u00cd USTANOVEN\u00cd<\/p>\n<p>1. Tyto V\u0161eobecn\u00e9 obchodn\u00ed podm\u00ednky (d\u00e1le jen \u201eVOP\u201c) upravuj\u00ed vztahy mezi kupuj\u00edc\u00edm a prod\u00e1vaj\u00edc\u00edm v oblasti prodeje zbo\u017e\u00ed a slu\u017eeb mezi obchodn\u00ed spole\u010dnost\u00ed Nerio s.r.o., Gork\u00e9ho 129\/10,&nbsp;811 01 Bratislava, I\u010cO: 50 206 460, (d\u00e1le jen \u201eprod\u00e1vaj\u00edc\u00ed\u201c) a jej\u00edmi obchodn\u00edmi partnery nebo klienty (d\u00e1le jen \u201ekupuj\u00edc\u00ed\u201c).<\/p>\n<p>2. Kupuj\u00edc\u00ed odesl\u00e1n\u00edm objedn\u00e1vky potvrzuje, \u017ee se sezn\u00e1mil s t\u011bmito VOP, jejich\u017e ned\u00edlnou sou\u010d\u00e1st\u00ed je Reklama\u010dn\u00ed \u0159\u00e1d, a \u017ee s nimi souhlas\u00ed. Na tyto VOP je kupuj\u00edc\u00ed dostate\u010dn\u00fdm zp\u016fsobem p\u0159ed vytvo\u0159en\u00edm a odesl\u00e1n\u00edm objedn\u00e1vky upozorn\u011bn a m\u00e1 mo\u017enost se s nimi sezn\u00e1mit. <\/p>\n<p>3. Prod\u00e1vaj\u00edc\u00edm je obchodn\u00ed spole\u010dnost&nbsp;Nerio s.r.o., se s\u00eddlem:&nbsp;Gork\u00e9ho 129\/10,&nbsp;811 01 Bratislava, I\u010cO: 50 206 460, zapsan\u00e1 v Obchodn\u00edm rejst\u0159\u00edku Okresn\u00edho soudu Bratislava III, odd\u00edl: Sro, vlo\u017eka \u010d\u00edslo: 109818\/B. Dal\u0161\u00ed informace o prod\u00e1vaj\u00edc\u00edm jsou uvedeny na t\u00e9to str\u00e1nce v sekci \u201eKontakt\u201c. <\/p>\n<p>4. Kupuj\u00edc\u00edm je spot\u0159ebitel nebo podnikatel.<br>a) Spot\u0159ebitelem je fyzick\u00e1 osoba, kter\u00e1 p\u0159i uzav\u00edr\u00e1n\u00ed a pln\u011bn\u00ed smlouvy nejedn\u00e1 v r\u00e1mci sv\u00e9 obchodn\u00ed nebo jin\u00e9 podnikatelsk\u00e9 \u010dinnosti nebo v r\u00e1mci samostatn\u00e9ho v\u00fdkonu sv\u00e9ho povol\u00e1n\u00ed. Spot\u0159ebitel p\u0159i zah\u00e1jen\u00ed obchodn\u00edch vztah\u016f p\u0159ed\u00e1v\u00e1 prod\u00e1vaj\u00edc\u00edmu sv\u00e9 kontaktn\u00ed \u00fadaje, pot\u0159ebn\u00e9 k bezprobl\u00e9mov\u00e9mu vy\u0159\u00edzen\u00ed objedn\u00e1vky, p\u0159\u00edpadn\u011b \u00fadaje, kter\u00e9 chce m\u00edt uvedeny na n\u00e1kupn\u00edm dokladu. Pr\u00e1vn\u00ed vztahy prod\u00e1vaj\u00edc\u00edho se spot\u0159ebitelem v\u00fdslovn\u011b neupraven\u00e9 t\u011bmito VOP se \u0159\u00edd\u00ed p\u0159\u00edslu\u0161n\u00fdmi ustanoven\u00edmi z\u00e1kona \u010d. 40\/1964 Sb., Ob\u010dansk\u00e9ho z\u00e1kon\u00edku, z\u00e1kona \u010d. 250\/2007 Sb., o ochran\u011b spot\u0159ebitele a o zm\u011bn\u011b z\u00e1kona Slovensk\u00e9 n\u00e1rodn\u00ed rady \u010d. 372\/1990 Sb. o p\u0159estupc\u00edch ve zn\u011bn\u00ed pozd\u011bj\u0161\u00edch p\u0159edpis\u016f, z\u00e1konem \u010d. 102\/2014 Sb. o ochran\u011b spot\u0159ebitele p\u0159i prodeji zbo\u017e\u00ed nebo poskytov\u00e1n\u00ed slu\u017eeb na z\u00e1klad\u011b smlouvy uzav\u0159en\u00e9 na d\u00e1lku nebo smlouvy uzav\u0159en\u00e9 mimo provozn\u00ed prostory prod\u00e1vaj\u00edc\u00edho a o zm\u011bn\u011b a dopln\u011bn\u00ed n\u011bkter\u00fdch z\u00e1kon\u016f.<br>b) Podnikatelem se rozum\u00ed osoba zapsan\u00e1 v obchodn\u00edm rejst\u0159\u00edku (p\u0159edev\u0161\u00edm obchodn\u00ed spole\u010dnosti), osoba, kter\u00e1 podnik\u00e1 na z\u00e1klad\u011b \u017eivnostensk\u00e9ho opr\u00e1vn\u011bn\u00ed (\u017eivnostn\u00edk zapsan\u00fd v \u017eivnostensk\u00e9m rejst\u0159\u00edku), osoba, kter\u00e1 podnik\u00e1 na z\u00e1klad\u011b jin\u00e9ho ne\u017e \u017eivnostensk\u00e9ho opr\u00e1vn\u011bn\u00ed na z\u00e1klad\u011b specifick\u00fdch p\u0159edpis\u016f (sem pat\u0159\u00ed nap\u0159\u00edklad svobodn\u00e1 povol\u00e1n\u00ed jako advok\u00e1ti atd.), osoba, kter\u00e1 provozuje zem\u011bd\u011blskou v\u00fdrobu a je zaps\u00e1na do evidence podle specifick\u00e9ho p\u0159edpisu. Pr\u00e1vn\u00ed vztahy prod\u00e1vaj\u00edc\u00edho s kupuj\u00edc\u00edm, kter\u00fd je podnikatelem, v\u00fdslovn\u011b neupraven\u00e9 t\u011bmito VOP ani smlouvou mezi prod\u00e1vaj\u00edc\u00edm a kupuj\u00edc\u00edm se \u0159\u00edd\u00ed p\u0159\u00edslu\u0161n\u00fdmi ustanoven\u00edmi z\u00e1kona \u010d. 513\/1991 Sb., Obchodn\u00edho z\u00e1kon\u00edku ve zn\u011bn\u00ed pozd\u011bj\u0161\u00edch p\u0159edpis\u016f.<\/p>\n<p>5. Org\u00e1nem dozoru je Slovensk\u00e1 obchodn\u00ed inspekce (SOI), Inspektor\u00e1t SOI pro Bratislavsk\u00fd<\/p>\n<p>kraj, Bajkalsk\u00e1 21\/A, P. O. BOX \u010d. 5, 820 07 Bratislava, Odbor v\u00fdkonu dozoru tel. \u010d. 02\/58 27 21 72, 02\/58 27 21 04, fax \u010d. 02\/58 27 21 70, e-mail: <span \n                data-original-string='juo49X3\/Fe3CzKPTuL8yYg==397mWCSRDlrXEsoq1SlGw8odg=='\n                class='apbct-email-encoder'\n                title='This contact has been encoded by Anti-Spam by CleanTalk. Click to decode. To finish the decoding make sure that JavaScript is enabled in your browser.'><span class=\"apbct-blur\">**<\/span>@<span class=\"apbct-blur\">*<\/span>oi.sk<\/span>    <\/p>\n<p>6. Kupn\u00ed smlouva m\u016f\u017ee b\u00fdt uzav\u0159ena se spot\u0159ebitelem nebo s podnikatelem.<br>a) Pokud je kupuj\u00edc\u00edm spot\u0159ebitel, n\u00e1vrhem na uzav\u0159en\u00ed kupn\u00ed smlouvy je um\u00edst\u011bn\u00ed nab\u00edzen\u00e9ho zbo\u017e\u00ed prod\u00e1vaj\u00edc\u00edm na str\u00e1nce jeho internetov\u00e9ho obchodu. Kupn\u00ed smlouva vznik\u00e1 odesl\u00e1n\u00edm objedn\u00e1vky kupuj\u00edc\u00edm spot\u0159ebitelem a p\u0159ijet\u00edm objedn\u00e1vky dodavatelem. Toto p\u0159ijet\u00ed dodavatel potvrd\u00ed kupuj\u00edc\u00edmu informativn\u00edm e-mailem na j\u00edm zadan\u00fd e-mail, na vznik smlouvy v\u0161ak toto potvrzen\u00ed nem\u00e1 vliv.<br>b) Pokud je kupuj\u00edc\u00edm podnikatel, n\u00e1vrhem na uzav\u0159en\u00ed kupn\u00ed smlouvy je odeslan\u00e1 objedn\u00e1vka zbo\u017e\u00ed kupuj\u00edc\u00edm podnikatelem a samotn\u00e1 kupn\u00ed smlouva je uzav\u0159ena okam\u017eikem doru\u010den\u00ed z\u00e1vazn\u00e9ho souhlasu prod\u00e1vaj\u00edc\u00edho kupuj\u00edc\u00edmu s t\u00edmto jeho n\u00e1vrhem.  <\/p>\n<p>7. Prod\u00e1vaj\u00edc\u00ed si vyhrazuje pr\u00e1vo na zru\u0161en\u00ed smlouvy v p\u0159\u00edpadech, \u017ee na str\u00e1nk\u00e1ch prod\u00e1vaj\u00edc\u00edho do\u0161lo k technick\u00e9 poru\u0161e zp\u016fsoben\u00e9 okolnostmi, kter\u00e9<br>prod\u00e1vaj\u00edc\u00ed nem\u016f\u017ee ovlivnit, nebo \u017ee objednan\u00e9 zbo\u017e\u00ed nebude dostupn\u00e9 z d\u016fvodu<br>vyprod\u00e1n\u00ed nebo vy\u0159azen\u00ed z nab\u00eddky ze strany dodavatele. V p\u0159\u00edpad\u011b, \u017ee dojde k jedn\u00e9 z v\u00fd\u0161e uveden\u00fdch situac\u00ed, prod\u00e1vaj\u00edc\u00ed kupuj\u00edc\u00edho o tom bezodkladn\u011b obezn\u00e1m\u00ed a za\u0161le mu potvrzen\u00ed o zru\u0161en\u00ed objedn\u00e1vky na e-mail. <\/p>\n<p>8. Vztahy a p\u0159\u00edpadn\u00e9 spory, kter\u00e9 vzniknou na z\u00e1klad\u011b smlouvy, budou \u0159e\u0161eny v\u00fdlu\u010dn\u011b podle platn\u00e9ho pr\u00e1va Slovensk\u00e9 republiky a budou \u0159e\u0161eny p\u0159\u00edslu\u0161n\u00fdm soudem.<\/p>\n<p>\u010cL\u00c1NEK II.<br>BEZPE\u010cNOST A OCHRANA INFORMAC\u00cd<br>1. Nov\u00e9 podm\u00ednky zpracov\u00e1n\u00ed osobn\u00edch \u00fadaj\u016f platn\u00e9 od 01.05.2022 v souladu s platnou legislativou najdete na n\u00e1sleduj\u00edc\u00edm odkazu.<\/p>\n<p>\u010cL\u00c1NEK III.<br>OTEV\u00cdRAC\u00cd DOBA<br>1. P\u0159es internetov\u00fd obchod www.okruhari.sk mohou kupuj\u00edc\u00ed objedn\u00e1vat zbo\u017e\u00ed nebo slu\u017ebu ka\u017ed\u00fd den v roce 24 hod. denn\u011b. <\/p>\n<p>2. N\u00e1v\u0161t\u011bva za \u00fa\u010delem objedn\u00e1n\u00ed zbo\u017e\u00ed, p\u0159\u00edpadn\u011b osobn\u00edho odb\u011bru objednan\u00e9ho zbo\u017e\u00ed v s\u00eddle firmy, je mo\u017en\u00e1 po p\u0159edchoz\u00ed dohod\u011b prost\u0159ednictv\u00edm kontakt\u016f uveden\u00fdch na t\u00e9to str\u00e1nce v sekci \u201eKontakt&#8221;.<\/p>\n<p>\u010cL\u00c1NEK IV.<br>CENA ZBO\u017d\u00cd A JEHO OBJEDN\u00c1V\u00c1N\u00cd<br>1. Cena zbo\u017e\u00ed je uvedena u ka\u017ed\u00e9ho jednotliv\u011b nab\u00edzen\u00e9ho zbo\u017e\u00ed v internetov\u00e9m obchod\u011b prod\u00e1vaj\u00edc\u00edho a jej\u00ed v\u00fd\u0161e je pro prod\u00e1vaj\u00edc\u00edho z\u00e1vazn\u00e1. Kupuj\u00edc\u00edmu bude dod\u00e1no dostupn\u00e9 zbo\u017e\u00ed za cenu platnou v dob\u011b objedn\u00e1n\u00ed. Kupuj\u00edc\u00ed spot\u0159ebitel m\u00e1 mo\u017enost se p\u0159ed dokon\u010den\u00edm objedn\u00e1vky sezn\u00e1mit s celkovou cenou zbo\u017e\u00ed v\u010detn\u011b DPH a v\u0161emi dal\u0161\u00edmi poplatky (doprava apod.). Tato cena bude uvedena v objedn\u00e1vce a ve zpr\u00e1v\u011b potvrzuj\u00edc\u00ed p\u0159ijet\u00ed objedn\u00e1vky zbo\u017e\u00ed.   <\/p>\n<p>2. V p\u0159\u00edpad\u011b, \u017ee se jedn\u00e1 o speci\u00e1ln\u00ed zbo\u017e\u00ed na objedn\u00e1vku nebo zbo\u017e\u00ed, kter\u00e9 moment\u00e1ln\u011b nen\u00ed na sklad\u011b u dodavatele, m\u00e1 kupuj\u00edc\u00ed mo\u017enost ov\u011b\u0159it si term\u00edn dod\u00e1n\u00ed a kone\u010dnou cenu zbo\u017e\u00ed u prod\u00e1vaj\u00edc\u00edho telefonicky nebo e-mailem na \u010d\u00edslech nebo adres\u00e1ch uveden\u00fdch na t\u00e9to str\u00e1nce v sekci \u201eKontakt&#8221;. Pokud je kupuj\u00edc\u00edm spot\u0159ebitel, mus\u00ed b\u00fdt u takov\u00e9ho zbo\u017e\u00ed p\u0159edem sezn\u00e1men se skute\u010dnost\u00ed, \u017ee jde o zbo\u017e\u00ed na objedn\u00e1vku, u kter\u00e9ho k uzav\u0159en\u00ed kupn\u00ed smlouvy mezi ob\u011bma smluvn\u00edmi stranami dojde a\u017e v okam\u017eiku up\u0159esn\u011bn\u00ed nab\u00eddky ze strany prod\u00e1vaj\u00edc\u00edho. <\/p>\n<p>3. Objedn\u00e1vat zbo\u017e\u00ed je mo\u017en\u00e9 n\u00e1sleduj\u00edc\u00edmi zp\u016fsoby:<br>-prost\u0159ednictv\u00edm internetov\u00e9ho obchodu www.okruhari.sk<br>\u2013 e-mailem na <span \n                data-original-string='dHYXbHgMZkeBV0lrmkwjCQ==397NchtTaoCk4Oc4+0P8t7TMyLQf\/NGMsq+Ui60rt1BWe4='\n                class='apbct-email-encoder'\n                title='This contact has been encoded by Anti-Spam by CleanTalk. Click to decode. To finish the decoding make sure that JavaScript is enabled in your browser.'>ok<span class=\"apbct-blur\">******<\/span>@<span class=\"apbct-blur\">******<\/span>ri.sk<\/span><br>\u2013 osobn\u011b v s\u00eddle firmy po p\u0159edchoz\u00ed dohod\u011b<\/p>\n<p>\u010cL\u00c1NEK V.<br>ODSTOUPEN\u00cd OD SMLOUVY<br>1. Odstoupit od uzav\u0159en\u00e9 kupn\u00ed smlouvy je opr\u00e1vn\u011bn kupuj\u00edc\u00ed, kter\u00fdm je spot\u0159ebitel, ale i kupuj\u00edc\u00ed, kter\u00fdm je podnikatel.<br>a) Kupuj\u00edc\u00ed, kter\u00fdm je spot\u0159ebitel, je opr\u00e1vn\u011bn odstoupit od uzav\u0159en\u00e9 kupn\u00ed smlouvy ve smyslu ustanoven\u00ed \u00a7 12 z\u00e1kona \u010d. 108\/2000 Sb. o ochran\u011b spot\u0159ebitele p\u0159i podomn\u00edm a z\u00e1silkov\u00e9m prodeji ve zn\u011bn\u00ed pozd\u011bj\u0161\u00edch p\u0159edpis\u016f bez uveden\u00ed d\u016fvodu do 14 dn\u016f ode dne p\u0159evzet\u00ed zbo\u017e\u00ed, p\u0159i\u010dem\u017e je nezbytn\u00e9, aby byl v uveden\u00e9 lh\u016ft\u011b doru\u010den dopis o odstoupen\u00ed od smlouvy prod\u00e1vaj\u00edc\u00edmu. Toto pr\u00e1vo m\u00e1 kupuj\u00edc\u00ed i v p\u0159\u00edpad\u011b, \u017ee si zbo\u017e\u00ed objednan\u00e9 prost\u0159ednictv\u00edm internetu vyzvedl osobn\u011b v prostor\u00e1ch odb\u011brn\u00e9ho m\u00edsta prod\u00e1vaj\u00edc\u00edho. Zbo\u017e\u00ed je kupuj\u00edc\u00ed spot\u0159ebitel povinen vr\u00e1tit \u00fapln\u00e9, s kompletn\u00ed dokumentac\u00ed, nepo\u0161kozen\u00e9, \u010dist\u00e9, v\u010detn\u011b origin\u00e1ln\u00edho obalu, ve stavu a hodnot\u011b, v jak\u00e9m zbo\u017e\u00ed p\u0159evzal. V p\u0159\u00edpad\u011b, \u017ee bude vr\u00e1cen\u00e9 zbo\u017e\u00ed nekompletn\u00ed \u010di po\u0161kozen\u00e9, prod\u00e1vaj\u00edc\u00ed m\u016f\u017ee vr\u00e1cenou cenu sn\u00ed\u017eit o tomu odpov\u00eddaj\u00edc\u00ed \u010d\u00e1stku. Pen\u00edze budou vr\u00e1ceny kupuj\u00edc\u00edmu spot\u0159ebiteli do 15 dn\u016f od \u00fa\u010dinnosti odstoupen\u00ed od smlouvy kupuj\u00edc\u00edm. Prod\u00e1vaj\u00edc\u00ed nen\u00ed povinen po uplynut\u00ed z\u00e1konem stanoven\u00e9 lh\u016fty 14 dn\u016f p\u0159ijmout k reklamaci nevy\u010di\u0161t\u011bn\u00e9 nebo jinak zne\u010di\u0161t\u011bn\u00e9 zbo\u017e\u00ed neodpov\u00eddaj\u00edc\u00ed hygienick\u00fdm standard\u016fm. Pokud se kupuj\u00edc\u00ed rozhodne pro odstoupen\u00ed v 14denn\u00ed lh\u016ft\u011b, je povinen zbo\u017e\u00ed doru\u010dit na adresu prod\u00e1vaj\u00edc\u00edho s dokladem o koupi a uveden\u00edm \u010d\u00edsla bankovn\u00edho \u00fa\u010dtu, ve prosp\u011bch kter\u00e9ho prod\u00e1vaj\u00edc\u00ed pouk\u00e1\u017ee kupuj\u00edc\u00edm uhrazenou v\u00fd\u0161i kupn\u00ed ceny nebo s uveden\u00edm, zda bude \u010d\u00e1stka \u010derp\u00e1na pro dal\u0161\u00ed n\u00e1kup. Kupuj\u00edc\u00ed bere na v\u011bdom\u00ed skute\u010dnost, \u017ee pokud jsou se zbo\u017e\u00edm poskytov\u00e1ny d\u00e1rky, je darovac\u00ed smlouva mezi prod\u00e1vaj\u00edc\u00edm a kupuj\u00edc\u00edm uzav\u0159ena s podm\u00ednkou, \u017ee pokud dojde k vyu\u017eit\u00ed pr\u00e1va spot\u0159ebitele odstoupit od smlouvy podle \u00a7 12 z\u00e1kona \u010d. 108\/2000 Sb., darovac\u00ed<br>smlouva pozb\u00fdv\u00e1 \u00fa\u010dinnosti a kupuj\u00edc\u00ed je povinen spolu s vr\u00e1cen\u00fdm zbo\u017e\u00edm vr\u00e1tit i s n\u00edm souvisej\u00edc\u00ed poskytnut\u00e9 d\u00e1rky. Kupuj\u00edc\u00ed nesm\u00ed zbo\u017e\u00ed, kter\u00e9 si koupil od prod\u00e1vaj\u00edc\u00edho a chce ho prod\u00e1vaj\u00edc\u00edmu vr\u00e1tit, zas\u00edlat na adresu prod\u00e1vaj\u00edc\u00edho formou dob\u00edrky. Takto doru\u010den\u00e9 zbo\u017e\u00ed nebude prod\u00e1vaj\u00edc\u00edm p\u0159evzato a kupuj\u00edc\u00edmu m\u016f\u017ee uplynout lh\u016fta pro \u0159\u00e1dn\u00e9 vr\u00e1cen\u00ed zbo\u017e\u00ed. P\u0159i spln\u011bn\u00ed v\u0161ech v\u00fd\u0161e uveden\u00fdch podm\u00ednek pro vr\u00e1cen\u00ed zbo\u017e\u00ed vznikne kupuj\u00edc\u00edmu kredit, kter\u00fd na jeho \u017e\u00e1dost bude odesl\u00e1n na j\u00edm uveden\u00fd \u00fa\u010det, a to nejpozd\u011bji do 15 dn\u016f od \u00fa\u010dinnosti odstoupen\u00ed od smlouvy, p\u0159\u00edpadn\u011b bude moci b\u00fdt pou\u017eit na dal\u0161\u00ed n\u00e1kup zbo\u017e\u00ed u prod\u00e1vaj\u00edc\u00edho.   <\/p>\n<p>b) Kupuj\u00edc\u00ed, kter\u00fdm je podnikatel, se m\u016f\u017ee s prod\u00e1vaj\u00edc\u00edm dohodnout na odstoupen\u00ed od kupn\u00ed smlouvy v z\u00e1vislosti na stavu vr\u00e1cen\u00e9ho zbo\u017e\u00ed, u\u0161l\u00e9 z\u00e1ruce a aktu\u00e1ln\u00ed cen\u011b vr\u00e1cen\u00e9ho zbo\u017e\u00ed. Stav zbo\u017e\u00ed je na zhodnocen\u00ed prod\u00e1vaj\u00edc\u00edm. V p\u0159\u00edpad\u011b nedohodnut\u00ed podm\u00ednek akceptovateln\u00fdch pro ob\u011b strany bude zbo\u017e\u00ed vr\u00e1ceno na n\u00e1klady kupuj\u00edc\u00edho zp\u011bt. Prod\u00e1vaj\u00edc\u00ed je opr\u00e1vn\u011bn \u00fa\u010dtovat kupuj\u00edc\u00edmu p\u0159\u00edpadn\u00e9 dal\u0161\u00ed vznikl\u00e9 n\u00e1klady. P\u0159i vystaven\u00ed dobropisu m\u016f\u017ee b\u00fdt od kupuj\u00edc\u00edho vy\u017eadov\u00e1n ob\u010dansk\u00fd pr\u016fkaz za \u00fa\u010delem ochrany vlastnick\u00fdch pr\u00e1v kupuj\u00edc\u00edho. P\u0159edlo\u017een\u00edm ob\u010dansk\u00e9ho pr\u016fkazu kupuj\u00edc\u00ed souhlas\u00ed se zpracov\u00e1n\u00edm sv\u00fdch osobn\u00edch \u00fadaj\u016f.     <\/p>\n<p>\u010cL\u00c1NEK VI.<br>PLATEBN\u00cd PODM\u00cdNKY<br>1. Kupuj\u00edc\u00ed m\u016f\u017ee uhradit dohodnutou v\u00fd\u0161i kupn\u00ed ceny formou:<br>a) platby p\u0159edem bankovn\u00edm p\u0159evodem na \u010d\u00edslo \u00fa\u010dtu uveden\u00e9 ve faktu\u0159e,<br>b) platby v hotovosti p\u0159i p\u0159evzet\u00ed zbo\u017e\u00ed na odb\u011brn\u00e9m m\u00edst\u011b,<br>c) platby platebn\u00ed kartou ihned p\u0159i objedn\u00e1n\u00ed zbo\u017e\u00ed nebo slu\u017eby.<br>2. Zbo\u017e\u00ed z\u016fst\u00e1v\u00e1 a\u017e do \u00fapln\u00e9ho zaplacen\u00ed dohodnut\u00e9 kupn\u00ed ceny v r\u00e1mci v\u00fdhrady<br>vlastnictv\u00ed majetkem prod\u00e1vaj\u00edc\u00edho.<\/p>\n<p>\u010cL\u00c1NEK VII.<br>DODAC\u00cd PODM\u00cdNKY<br>1. Doru\u010den\u00ed p\u0159epravn\u00ed slu\u017ebou. Zbo\u017e\u00ed je mo\u017en\u00e9 za dohodnut\u00fdch podm\u00ednek kupuj\u00edc\u00edmu doru\u010dit p\u0159epravn\u00ed slu\u017ebou. Cena p\u0159epravy se \u0159\u00edd\u00ed podle cen\u00edku aktu\u00e1ln\u00edho v den objedn\u00e1vky.<br>2. Osobn\u00ed odb\u011br. Zbo\u017e\u00ed je mo\u017en\u00e9 p\u0159evz\u00edt osobn\u011b v s\u00eddle firmy po p\u0159edchoz\u00ed dohod\u011b prost\u0159ednictv\u00edm kontakt\u016f uveden\u00fdch na t\u00e9to str\u00e1nce v sekci \u201eKontakt&#8221;. Zbo\u017e\u00ed m\u016f\u017ee p\u0159evz\u00edt pouze kupuj\u00edc\u00ed nebo j\u00edm zplnomocn\u011bn\u00e1 osoba, kter\u00e1 sv\u00e9 opr\u00e1vn\u011bn\u00ed k p\u0159evzet\u00ed objednan\u00e9ho zbo\u017e\u00ed kvalifikovan\u011b a hodnov\u011brn\u011b prok\u00e1\u017ee plnou moc\u00ed a platn\u00fdm dokladem toto\u017enosti.    <\/p>\n<p>\u010cL\u00c1NEK VIII.<br>Z\u00c1RU\u010cN\u00cd PODM\u00cdNKY<br>1. Z\u00e1ru\u010dn\u00ed podm\u00ednky na zbo\u017e\u00ed se \u0159\u00edd\u00ed Reklama\u010dn\u00edm \u0159\u00e1dem prod\u00e1vaj\u00edc\u00edho a platn\u00fdmi pr\u00e1vn\u00edmi p\u0159edpisy \u010cR. Reklamaci v z\u00e1ru\u010dn\u00ed lh\u016ft\u011b si m\u016f\u017ee kupuj\u00edc\u00ed uplatnit jedin\u011b na z\u00e1klad\u011b vypln\u011bn\u00e9ho z\u00e1ru\u010dn\u00edho listu. V p\u0159\u00edpad\u011b, \u017ee koupen\u00e9 zbo\u017e\u00ed nem\u00e1 z\u00e1ru\u010dn\u00ed list, jako z\u00e1ru\u010dn\u00ed list slou\u017e\u00ed n\u00e1kupn\u00ed doklad.  <\/p>\n<p>\u010cL\u00c1NEK IX.<br>Z\u00c1V\u011aRE\u010cN\u00c1 USTANOVEN\u00cd<br>1. Tyto VOP jsou platn\u00e9 od 01.05.2022.<br>2. Prod\u00e1vaj\u00edc\u00ed si vyhrazuje pr\u00e1vo zm\u011bnit tyto VOP bez p\u0159edchoz\u00edho<br>upozorn\u011bn\u00ed.<br>3. V Bratislav\u011b dne 01.05.2022.<\/p>\t\t\t\t\t\t\t\t<\/div>\n\t\t\t\t<\/div>\n\t\t\t\t\t<\/div>\n\t\t<\/div>\n\t\t\t\t\t<\/div>\n\t\t<\/section>\n\t\t\t\t\t<\/div>\n\t\t<\/div>\n\t\t\t\t\t<\/div>\n\t\t<\/section>\n\t\t\t\t<\/div>\n\t\t","protected":false},"excerpt":{"rendered":"<p>Obchodn\u00ed podm\u00ednky \u010cL\u00c1NEK I.Z\u00c1KLADN\u00cd USTANOVEN\u00cd 1. Tyto V\u0161eobecn\u00e9 obchodn\u00ed podm\u00ednky (d\u00e1le jen \u201eVOP\u201c) upravuj\u00ed vztahy mezi kupuj\u00edc\u00edm a prod\u00e1vaj\u00edc\u00edm v oblasti prodeje zbo\u017e\u00ed a slu\u017eeb&#8230;<\/p>\n","protected":false},"author":1,"featured_media":0,"parent":0,"menu_order":0,"comment_status":"closed","ping_status":"closed","template":"","meta":{"ngg_post_thumbnail":0,"footnotes":""},"class_list":["post-16486","page","type-page","status-publish","hentry"],"_links":{"self":[{"href":"https:\/\/okruhari.sk\/cs\/wp-json\/wp\/v2\/pages\/16486","targetHints":{"allow":["GET"]}}],"collection":[{"href":"https:\/\/okruhari.sk\/cs\/wp-json\/wp\/v2\/pages"}],"about":[{"href":"https:\/\/okruhari.sk\/cs\/wp-json\/wp\/v2\/types\/page"}],"author":[{"embeddable":true,"href":"https:\/\/okruhari.sk\/cs\/wp-json\/wp\/v2\/users\/1"}],"replies":[{"embeddable":true,"href":"https:\/\/okruhari.sk\/cs\/wp-json\/wp\/v2\/comments?post=16486"}],"version-history":[{"count":10,"href":"https:\/\/okruhari.sk\/cs\/wp-json\/wp\/v2\/pages\/16486\/revisions"}],"predecessor-version":[{"id":17727,"href":"https:\/\/okruhari.sk\/cs\/wp-json\/wp\/v2\/pages\/16486\/revisions\/17727"}],"wp:attachment":[{"href":"https:\/\/okruhari.sk\/cs\/wp-json\/wp\/v2\/media?parent=16486"}],"curies":[{"name":"wp","href":"https:\/\/api.w.org\/{rel}","templated":true}]}}