{"id":16392,"date":"2023-12-15T13:57:24","date_gmt":"2023-12-15T12:57:24","guid":{"rendered":"https:\/\/okruhari.sk\/spanelsko\/"},"modified":"2025-10-25T12:05:39","modified_gmt":"2025-10-25T10:05:39","slug":"spanelsko","status":"publish","type":"page","link":"https:\/\/okruhari.sk\/cs\/spanelsko\/","title":{"rendered":"\u0160pan\u011blsko"},"content":{"rendered":"\t\t<div data-elementor-type=\"wp-page\" data-elementor-id=\"16392\" class=\"elementor elementor-16392 elementor-14606\" data-elementor-post-type=\"page\">\n\t\t\t\t<div class=\"elementor-element elementor-element-07f97d9 e-flex e-con-boxed e-con e-parent\" data-id=\"07f97d9\" data-element_type=\"container\">\n\t\t\t\t\t<div class=\"e-con-inner\">\n\t\t\t\t<div class=\"elementor-element elementor-element-96d40aa elementor-widget elementor-widget-text-editor\" data-id=\"96d40aa\" data-element_type=\"widget\" data-widget_type=\"text-editor.default\">\n\t\t\t\t<div class=\"elementor-widget-container\">\n\t\t\t\t\t\t\t\t\t<p><strong>Za\u017eij<\/strong> s n\u00e1mi v <strong>\u0159\u00edjnu<\/strong> <strong>MotoGP<\/strong> okruh ve <strong>Valencii<\/strong><\/p>\t\t\t\t\t\t\t\t<\/div>\n\t\t\t\t<\/div>\n\t\t\t\t<div class=\"elementor-element elementor-element-9d8ed16 elementor-position-top elementor-widget elementor-widget-image-box\" data-id=\"9d8ed16\" data-element_type=\"widget\" data-widget_type=\"image-box.default\">\n\t\t\t\t<div class=\"elementor-widget-container\">\n\t\t\t\t\t<div class=\"elementor-image-box-wrapper\"><figure class=\"elementor-image-box-img\"><img loading=\"lazy\" loading=\"lazy\" decoding=\"async\" width=\"1198\" height=\"954\" src=\"https:\/\/okruhari.sk\/wp-content\/uploads\/xstore\/xstore-placeholder.png\" class=\"attachment-full size-full wp-image-14837 wvs-archive-product-image lazyload lazyload-simple et-lazyload-fadeIn\" alt=\"\" data-src=\"https:\/\/okruhari.sk\/wp-content\/uploads\/2024\/02\/mapa-valencia-motogp.jpg\" data-srcset=\"https:\/\/okruhari.sk\/wp-content\/uploads\/2024\/02\/mapa-valencia-motogp.jpg 1198w, https:\/\/okruhari.sk\/wp-content\/uploads\/2024\/02\/mapa-valencia-motogp-400x319.jpg 400w, https:\/\/okruhari.sk\/wp-content\/uploads\/2024\/02\/mapa-valencia-motogp-300x239.jpg 300w, https:\/\/okruhari.sk\/wp-content\/uploads\/2024\/02\/mapa-valencia-motogp-1024x815.jpg 1024w, https:\/\/okruhari.sk\/wp-content\/uploads\/2024\/02\/mapa-valencia-motogp-768x612.jpg 768w, https:\/\/okruhari.sk\/wp-content\/uploads\/2024\/02\/mapa-valencia-motogp-1x1.jpg 1w, https:\/\/okruhari.sk\/wp-content\/uploads\/2024\/02\/mapa-valencia-motogp-10x8.jpg 10w\" \/><\/figure><div class=\"elementor-image-box-content\"><h3 class=\"elementor-image-box-title\">Circuito Ricardo Tormo Valencia<\/h3><\/div><\/div>\t\t\t\t<\/div>\n\t\t\t\t<\/div>\n\t\t\t\t\t<\/div>\n\t\t\t\t<\/div>\n\t\t<div class=\"elementor-element elementor-element-57bb967 e-flex e-con-boxed e-con e-parent\" data-id=\"57bb967\" data-element_type=\"container\">\n\t\t\t\t\t<div class=\"e-con-inner\">\n\t\t\t\t<div class=\"elementor-element elementor-element-04b6d85 elementor-widget elementor-widget-text-editor\" data-id=\"04b6d85\" data-element_type=\"widget\" data-widget_type=\"text-editor.default\">\n\t\t\t\t<div class=\"elementor-widget-container\">\n\t\t\t\t\t\t\t\t\t<p>T\u0159i dny na <strong>MotoGP<\/strong> okruhu ve Valencii s <strong>Moto agenturou OKRUH\u00c1\u0158I.<\/strong><\/p>\t\t\t\t\t\t\t\t<\/div>\n\t\t\t\t<\/div>\n\t\t<div class=\"elementor-element elementor-element-6d1e6dd e-flex e-con-boxed e-con e-child\" data-id=\"6d1e6dd\" data-element_type=\"container\">\n\t\t\t\t\t<div class=\"e-con-inner\">\n\t\t\t\t<div class=\"elementor-element elementor-element-0759cd1 elementor-widget elementor-widget-text-editor\" data-id=\"0759cd1\" data-element_type=\"widget\" data-widget_type=\"text-editor.default\">\n\t\t\t\t<div class=\"elementor-widget-container\">\n\t\t\t\t\t\t\t\t\t<p>Term\u00edn: <strong>11.10. &#8211; 13.10.2024<\/strong> | Cena za jezdce: <strong>1380 \u20ac<\/strong> (bez DPH)<\/p>\t\t\t\t\t\t\t\t<\/div>\n\t\t\t\t<\/div>\n\t\t\t\t\t<\/div>\n\t\t\t\t<\/div>\n\t\t\t\t\t<\/div>\n\t\t\t\t<\/div>\n\t\t<div class=\"elementor-element elementor-element-f54f146 e-flex e-con-boxed e-con e-parent\" data-id=\"f54f146\" data-element_type=\"container\">\n\t\t\t\t\t<div class=\"e-con-inner\">\n\t\t<div class=\"elementor-element elementor-element-070cfe7 e-con-full e-flex e-con e-child\" data-id=\"070cfe7\" data-element_type=\"container\" data-settings=\"{&quot;background_background&quot;:&quot;classic&quot;}\">\n\t\t\t\t<div class=\"elementor-element elementor-element-3da445d elementor-widget elementor-widget-text-editor\" data-id=\"3da445d\" data-element_type=\"widget\" data-widget_type=\"text-editor.default\">\n\t\t\t\t<div class=\"elementor-widget-container\">\n\t\t\t\t\t\t\t\t\t<p><strong>V cen\u011b je zahrnuto<\/strong><\/p><ul><li>p\u0159evoz motorky na okruh a zp\u011bt<\/li><li>p\u0159evoz osobn\u00edch v\u011bc\u00ed pot\u0159ebn\u00fdch k j\u00edzd\u011b<\/li><li><strong>P\u0159eprava motorek<\/strong> je zaji\u0161t\u011bna kamionem, odvezeme <strong>40 motorek<\/strong> ve speci\u00e1ln\u00edch kovov\u00fdch <span style=\"text-decoration: underline; color: #0000ff;\"><a style=\"color: #0000ff; text-decoration: underline;\" href=\"https:\/\/okruhari.sk\/wp-content\/uploads\/2023\/12\/ilustracne_foto_prepravnych_paliet.jpg\" target=\"_blank\" rel=\"noopener\">p\u0159epravn\u00edch palet\u00e1ch<\/a><\/span>. Ka\u017ed\u00fd jezdec m\u00e1 z\u00e1rove\u0148 k dispozici <span style=\"text-decoration: underline;\"><span style=\"color: #0000ff; text-decoration: underline;\"><a style=\"color: #0000ff; text-decoration: underline;\" href=\"https:\/\/okruhari.sk\/wp-content\/uploads\/2023\/12\/plastovy-box.jpg\" target=\"_blank\" rel=\"noopener\">plastov\u00fd box<\/a><\/span><\/span> o objemu <strong>270 litr\u016f (90x60x50 cm)<\/strong>, do kter\u00e9ho se m\u016f\u017ee zabalit. <\/li><li>m\u00edsto v boxu<\/li><li>\u010dasom\u00edra<\/li><li><strong>t\u0159i dny<\/strong> voln\u00fdch m\u011b\u0159en\u00fdch j\u00edzd na okruhu ve <strong>Valencii<\/strong><\/li><li><strong>Nakl\u00e1dka motorek je v are\u00e1lu spole\u010dnosti JANATA Racing, Kr\u00e1\u013eova nad V\u00e1hom, GPS <\/strong><span style=\"color: #0000ff; text-decoration: underline;\"><a style=\"color: #0000ff; text-decoration: underline;\" href=\"https:\/\/www.google.com\/maps\/place\/48%C2%B011'16.8%22N+17%C2%B049'24.7%22E\/@48.188,17.821358,714m\/data=!3m2!1e3!4b1!4m4!3m3!8m2!3d48.188!4d17.8235278?entry=ttu\" target=\"_blank\" rel=\"noopener\">48.18799, 17.82353<\/a><\/span>.<\/li><li><strong>Motorky je t\u0159eba dov\u00e9zt do 7.10.2024, kamion odj\u00ed\u017ed\u00ed 9.10.2024.<\/strong><\/li><\/ul><p><strong>Placen\u00e9 slu\u017eby<\/strong><\/p><ul><li>Prodej pneumatik a pneuservis<\/li><li>drobn\u00fd servis motorek<\/li><li>pron\u00e1jem motorek <strong>Yamaha R1, R6, R3<\/strong><\/li><\/ul><p><strong>V cen\u011b nen\u00ed zahrnuto<\/strong><\/p><ul><li>letenky<\/li><li>ubytov\u00e1n\u00ed<\/li><li>strava<\/li><\/ul>\t\t\t\t\t\t\t\t<\/div>\n\t\t\t\t<\/div>\n\t\t\t\t<div class=\"elementor-element elementor-element-1ea1f4f elementor-widget elementor-widget-text-editor\" data-id=\"1ea1f4f\" data-element_type=\"widget\" data-widget_type=\"text-editor.default\">\n\t\t\t\t<div class=\"elementor-widget-container\">\n\t\t\t\t\t\t\t\t\t<p><strong>V\u00edce informac\u00ed a registrace na: <span style=\"text-decoration: underline;\"><a href=\"mailto:ok******@******ri.sk\" data-original-string=\"WLk52aFWmmM90yymvmNq1w==397DLXsjVWnD+f64F+vDrY5kqI1Tm4NBtHT6WEzwA\/ytv4=\" title=\"This contact has been encoded by Anti-Spam by CleanTalk. Click to decode. To finish the decoding make sure that JavaScript is enabled in your browser.\"><span \n                data-original-string='T7sYBIryvFLvr3LJPrzZuA==397\/DXshovtCb9jOcw1awkeh\/Vq8IKFrncq36OrovvSlKo='\n                class='apbct-email-encoder'\n                title='This contact has been encoded by Anti-Spam by CleanTalk. Click to decode. To finish the decoding make sure that JavaScript is enabled in your browser.'>ok<span class=\"apbct-blur\">******<\/span>@<span class=\"apbct-blur\">******<\/span>ri.sk<\/span><\/a><\/span> nebo na telefonn\u00edm \u010d\u00edsle<\/strong> <strong>+421 911 24 34 11<\/strong><\/p>\t\t\t\t\t\t\t\t<\/div>\n\t\t\t\t<\/div>\n\t\t\t\t<\/div>\n\t\t\t\t\t<\/div>\n\t\t\t\t<\/div>\n\t\t\t\t<\/div>\n\t\t","protected":false},"excerpt":{"rendered":"<p>Za\u017eij s n\u00e1mi v \u0159\u00edjnu MotoGP okruh ve Valencii Circuito Ricardo Tormo Valencia T\u0159i dny na MotoGP okruhu ve Valencii s Moto agenturou OKRUH\u00c1\u0158I. Term\u00edn:&#8230;<\/p>\n","protected":false},"author":4,"featured_media":0,"parent":0,"menu_order":0,"comment_status":"closed","ping_status":"closed","template":"","meta":{"ngg_post_thumbnail":0,"footnotes":""},"class_list":["post-16392","page","type-page","status-publish","hentry"],"_links":{"self":[{"href":"https:\/\/okruhari.sk\/cs\/wp-json\/wp\/v2\/pages\/16392","targetHints":{"allow":["GET"]}}],"collection":[{"href":"https:\/\/okruhari.sk\/cs\/wp-json\/wp\/v2\/pages"}],"about":[{"href":"https:\/\/okruhari.sk\/cs\/wp-json\/wp\/v2\/types\/page"}],"author":[{"embeddable":true,"href":"https:\/\/okruhari.sk\/cs\/wp-json\/wp\/v2\/users\/4"}],"replies":[{"embeddable":true,"href":"https:\/\/okruhari.sk\/cs\/wp-json\/wp\/v2\/comments?post=16392"}],"version-history":[{"count":1,"href":"https:\/\/okruhari.sk\/cs\/wp-json\/wp\/v2\/pages\/16392\/revisions"}],"predecessor-version":[{"id":16393,"href":"https:\/\/okruhari.sk\/cs\/wp-json\/wp\/v2\/pages\/16392\/revisions\/16393"}],"wp:attachment":[{"href":"https:\/\/okruhari.sk\/cs\/wp-json\/wp\/v2\/media?parent=16392"}],"curies":[{"name":"wp","href":"https:\/\/api.w.org\/{rel}","templated":true}]}}