{"id":16383,"date":"2016-07-26T07:11:08","date_gmt":"2016-07-26T05:11:08","guid":{"rendered":"https:\/\/okruhari.sk\/kontaktujte-nas\/"},"modified":"2025-10-25T12:05:36","modified_gmt":"2025-10-25T10:05:36","slug":"kontaktujte-nas","status":"publish","type":"page","link":"https:\/\/okruhari.sk\/cs\/kontaktujte-nas\/","title":{"rendered":"Kontaktujte n\u00e1s"},"content":{"rendered":"\t\t<div data-elementor-type=\"wp-page\" data-elementor-id=\"16383\" class=\"elementor elementor-16383 elementor-4757\" data-elementor-post-type=\"page\">\n\t\t\t\t\t\t<section class=\"elementor-section elementor-top-section elementor-element elementor-element-3ecd4e5a elementor-section-boxed elementor-section-height-default elementor-section-height-default\" data-id=\"3ecd4e5a\" data-element_type=\"section\">\n\t\t\t\t\t\t<div class=\"elementor-container elementor-column-gap-no\">\n\t\t\t\t\t<div class=\"elementor-column elementor-col-100 elementor-top-column elementor-element elementor-element-7c13eed8\" data-id=\"7c13eed8\" data-element_type=\"column\">\n\t\t\t<div class=\"elementor-widget-wrap elementor-element-populated\">\n\t\t\t\t\t\t<div class=\"elementor-element elementor-element-2bea9de5 elementor-widget elementor-widget-etheme-google-map\" data-id=\"2bea9de5\" data-element_type=\"widget\" data-widget_type=\"etheme-google-map.default\">\n\t\t\t\t<div class=\"elementor-widget-container\">\n\t\t\t\t\t\t\t<div id=\"etheme-map-2bea9de5\" class=\"etheme-map\" data-etheme-gesture=\"auto\"  data-etheme-map-zoom-control=\"true\" data-etheme-map-zoom-control-position=\"RIGHT_BOTTOM\"  data-etheme-defaultui=\"false\" data-etheme-map-style=\"\" data-etheme-map-type=\"roadmap\"  data-etheme-map-type-control=\"true\" data-etheme-map-type-control-style=\"DEFAULT\" data-etheme-map-type-control-position=\"TOP_LEFT\"  data-etheme-map-streetview-control=\"false\" data-etheme-map-lat=\"37.7733717\" data-etheme-map-lng=\"-122.4236101\" data-etheme-map-zoom=\"14\" data-etheme-map-infowindow-width=\"250\" data-etheme-locations='[{\"lat\":\"37.7733717\",\"lng\":\"-122.4236101\",\"title\":\"\",\"content\":\"\",\"pin_icon\":\"black\"}]'><\/div>\n\n\t\t\t\t\t<\/div>\n\t\t\t\t<\/div>\n\t\t\t\t\t<\/div>\n\t\t<\/div>\n\t\t\t\t\t<\/div>\n\t\t<\/section>\n\t\t\t\t<section class=\"elementor-section elementor-top-section elementor-element elementor-element-68e3bf18 elementor-section-boxed elementor-section-height-default elementor-section-height-default\" data-id=\"68e3bf18\" data-element_type=\"section\">\n\t\t\t\t\t\t<div class=\"elementor-container elementor-column-gap-no\">\n\t\t\t\t\t<div class=\"elementor-column elementor-col-66 elementor-top-column elementor-element elementor-element-7ae09da7\" data-id=\"7ae09da7\" data-element_type=\"column\">\n\t\t\t<div class=\"elementor-widget-wrap elementor-element-populated\">\n\t\t\t\t\t\t<div class=\"elementor-element elementor-element-1bef0b02 etheme-contact-form-7-button-custom elementor-widget elementor-widget-et-contact-form-7\" data-id=\"1bef0b02\" data-element_type=\"widget\" data-widget_type=\"et-contact-form-7.default\">\n\t\t\t\t<div class=\"elementor-widget-container\">\n\t\t\t\t\t                <div class=\"pp-contact-form etheme-contact-form-7 placeholder-show\">\n                                        <p class=\"wpcf7-contact-form-not-found\"><strong>Chyba:<\/strong> Kontaktn\u00ed formul\u00e1\u0159 nebyl nalezen.<\/p>                <\/div>\n                \t\t\t\t<\/div>\n\t\t\t\t<\/div>\n\t\t\t\t\t<\/div>\n\t\t<\/div>\n\t\t\t\t<div class=\"elementor-column elementor-col-33 elementor-top-column elementor-element elementor-element-36bb7079\" data-id=\"36bb7079\" data-element_type=\"column\">\n\t\t\t<div class=\"elementor-widget-wrap elementor-element-populated\">\n\t\t\t\t\t\t<div class=\"elementor-element elementor-element-47f9be7f elementor-widget elementor-widget-heading\" data-id=\"47f9be7f\" data-element_type=\"widget\" data-widget_type=\"heading.default\">\n\t\t\t\t<div class=\"elementor-widget-container\">\n\t\t\t\t\t<h2 class=\"elementor-heading-title elementor-size-default\">Lorem ipsum dolor sit amet, conse ctetuer adipiscing elit.<\/h2>\t\t\t\t<\/div>\n\t\t\t\t<\/div>\n\t\t\t\t<div class=\"elementor-element elementor-element-19308d74 elementor-widget elementor-widget-text-editor\" data-id=\"19308d74\" data-element_type=\"widget\" data-widget_type=\"text-editor.default\">\n\t\t\t\t<div class=\"elementor-widget-container\">\n\t\t\t\t\t\t\t\t\tEtiam nulla nunc, aliquet vel metus nec, scelerisque tempus enim. Sed eget blandit lectus. Donec facilisis ornare turpis id pretium. Maecenas scelerisque interdum dolor in vestibulum proin euismod dui purus.\t\t\t\t\t\t\t\t<\/div>\n\t\t\t\t<\/div>\n\t\t\t\t<div class=\"elementor-element elementor-element-6af67b13 elementor-widget elementor-widget-text-editor\" data-id=\"6af67b13\" data-element_type=\"widget\" data-widget_type=\"text-editor.default\">\n\t\t\t\t<div class=\"elementor-widget-container\">\n\t\t\t\t\t\t\t\t\t30 South Avenue San Francisco <br>Telefon: +78 123 456 789 <br>E-mail: <span class=\"active\"><span \n                data-original-string='GGVCytt3nvi8Bhmq2Jd52g==397aQ8MhbcmjKeFqxGuBODciYdtQiv1+S2m+2W54mbMXEk='\n                class='apbct-email-encoder'\n                title='This contact has been encoded by Anti-Spam by CleanTalk. Click to decode. To finish the decoding make sure that JavaScript is enabled in your browser.'>Su<span class=\"apbct-blur\">*****<\/span>@<span class=\"apbct-blur\">*******<\/span>le.com<\/span><\/span><br><span class=\"active\">www.lifestyle.com<\/span>\t\t\t\t\t\t\t\t<\/div>\n\t\t\t\t<\/div>\n\t\t\t\t\t<\/div>\n\t\t<\/div>\n\t\t\t\t\t<\/div>\n\t\t<\/section>\n\t\t\t\t<\/div>\n\t\t","protected":false},"excerpt":{"rendered":"<p>Lorem ipsum dolor sit amet, conse ctetuer adipiscing elit. Etiam nulla nunc, aliquet vel metus nec, scelerisque tempus enim. Sed eget blandit lectus. Donec facilisis&#8230;<\/p>\n","protected":false},"author":1,"featured_media":0,"parent":0,"menu_order":0,"comment_status":"closed","ping_status":"closed","template":"","meta":{"ngg_post_thumbnail":0,"footnotes":""},"class_list":["post-16383","page","type-page","status-publish","hentry"],"_links":{"self":[{"href":"https:\/\/okruhari.sk\/cs\/wp-json\/wp\/v2\/pages\/16383","targetHints":{"allow":["GET"]}}],"collection":[{"href":"https:\/\/okruhari.sk\/cs\/wp-json\/wp\/v2\/pages"}],"about":[{"href":"https:\/\/okruhari.sk\/cs\/wp-json\/wp\/v2\/types\/page"}],"author":[{"embeddable":true,"href":"https:\/\/okruhari.sk\/cs\/wp-json\/wp\/v2\/users\/1"}],"replies":[{"embeddable":true,"href":"https:\/\/okruhari.sk\/cs\/wp-json\/wp\/v2\/comments?post=16383"}],"version-history":[{"count":1,"href":"https:\/\/okruhari.sk\/cs\/wp-json\/wp\/v2\/pages\/16383\/revisions"}],"predecessor-version":[{"id":16385,"href":"https:\/\/okruhari.sk\/cs\/wp-json\/wp\/v2\/pages\/16383\/revisions\/16385"}],"wp:attachment":[{"href":"https:\/\/okruhari.sk\/cs\/wp-json\/wp\/v2\/media?parent=16383"}],"curies":[{"name":"wp","href":"https:\/\/api.w.org\/{rel}","templated":true}]}}