{"id":16317,"date":"2024-09-16T07:43:49","date_gmt":"2024-09-16T05:43:49","guid":{"rendered":"https:\/\/okruhari.sk\/zavody\/"},"modified":"2025-10-25T12:05:09","modified_gmt":"2025-10-25T10:05:09","slug":"zavody","status":"publish","type":"page","link":"https:\/\/okruhari.sk\/cs\/zavody\/","title":{"rendered":"Z\u00e1vody"},"content":{"rendered":"\t\t<div data-elementor-type=\"wp-page\" data-elementor-id=\"16317\" class=\"elementor elementor-16317 elementor-15483\" data-elementor-post-type=\"page\">\n\t\t\t\t<div class=\"elementor-element elementor-element-f54f146 e-flex e-con-boxed e-con e-parent\" data-id=\"f54f146\" data-element_type=\"container\">\n\t\t\t\t\t<div class=\"e-con-inner\">\n\t\t<div class=\"elementor-element elementor-element-070cfe7 e-con-full e-flex e-con e-child\" data-id=\"070cfe7\" data-element_type=\"container\" data-settings=\"{&quot;background_background&quot;:&quot;classic&quot;}\">\n\t\t<div class=\"elementor-element elementor-element-d2a6c9c e-con-full e-flex e-con e-child\" data-id=\"d2a6c9c\" data-element_type=\"container\" data-settings=\"{&quot;background_background&quot;:&quot;classic&quot;}\">\n\t\t\t\t<div class=\"elementor-element elementor-element-d0d0196 elementor-widget elementor-widget-heading\" data-id=\"d0d0196\" data-element_type=\"widget\" data-widget_type=\"heading.default\">\n\t\t\t\t<div class=\"elementor-widget-container\">\n\t\t\t\t\t<h2 class=\"elementor-heading-title elementor-size-default\"><a href=\"https:\/\/okruhari.sk\/cs\/zavody\/\">TIME ATTACK<\/a><\/h2>\t\t\t\t<\/div>\n\t\t\t\t<\/div>\n\t\t\t\t<\/div>\n\t\t\t\t<div class=\"elementor-element elementor-element-3da445d elementor-widget__width-initial elementor-widget elementor-widget-text-editor\" data-id=\"3da445d\" data-element_type=\"widget\" data-widget_type=\"text-editor.default\">\n\t\t\t\t<div class=\"elementor-widget-container\">\n\t\t\t\t\t\t\t\t\t<p><span style=\"color: #000000;\"><strong>Z\u00e1vody &#8211; TIME ATTACK<\/strong><\/span><\/p><ul><li>tyto z\u00e1vody se organizuj\u00ed pro ka\u017edou rychlostn\u00ed skupinu samostatn\u011b (A,B,C,D resp. 1,2,3,4)<\/li><li>b\u011bhem dne ka\u017ed\u00e1 rychlostn\u00ed skupina podle harmonogramu odjezd\u00ed \u0161est 20minutov\u00fdch j\u00edzd<\/li><li>v\u00edt\u011bzem z\u00e1vodu se st\u00e1v\u00e1 jezdec, kter\u00fd v ur\u010den\u00e9m <strong>m\u011b\u0159en\u00e9m okn\u011b \u201eTIME ATTACK<\/strong><strong>&#8220;<\/strong> dos\u00e1hne nejrychlej\u0161\u00edho \u010dasu na jedno kolo<\/li><li><strong>m\u011b\u0159en\u00e9 okno \u201eTIME ATTACK&#8221;<\/strong> jsou v\u017edy dv\u011b ur\u010den\u00e9 20minutovky<br>v prvn\u00ed i druh\u00fd den akce (<strong><a style=\"color: #ed1c24;\" href=\"https:\/\/okruhari.sk\/wp-content\/uploads\/2025\/10\/vseobecny-harmonogram.pdf\" target=\"_blank\" rel=\"noopener\">viz harmonogram<\/a><\/strong>). B\u011bhem t\u011bchto dvou 20minutovek se ka\u017ed\u00fd jezdec ve sv\u00e9 rychlostn\u00ed skupin\u011b sna\u017e\u00ed o dosa\u017een\u00ed sv\u00e9ho nejlep\u0161\u00edho \u010dasu <\/li><li>v ka\u017ed\u00e9 rychlostn\u00ed skupin\u011b bude ocen\u011bno 5 nejrychlej\u0161\u00edch jezdc\u016f<\/li><\/ul>\t\t\t\t\t\t\t\t<\/div>\n\t\t\t\t<\/div>\n\t\t\t\t<\/div>\n\t\t\t\t\t<\/div>\n\t\t\t\t<\/div>\n\t\t\t\t<\/div>\n\t\t","protected":false},"excerpt":{"rendered":"<p>TIME ATTACK Z\u00e1vody &#8211; TIME ATTACK tyto z\u00e1vody se organizuj\u00ed pro ka\u017edou rychlostn\u00ed skupinu samostatn\u011b (A,B,C,D resp. 1,2,3,4) b\u011bhem dne ka\u017ed\u00e1 rychlostn\u00ed skupina podle harmonogramu&#8230;<\/p>\n","protected":false},"author":4,"featured_media":0,"parent":0,"menu_order":0,"comment_status":"closed","ping_status":"closed","template":"","meta":{"ngg_post_thumbnail":0,"footnotes":""},"class_list":["post-16317","page","type-page","status-publish","hentry"],"_links":{"self":[{"href":"https:\/\/okruhari.sk\/cs\/wp-json\/wp\/v2\/pages\/16317","targetHints":{"allow":["GET"]}}],"collection":[{"href":"https:\/\/okruhari.sk\/cs\/wp-json\/wp\/v2\/pages"}],"about":[{"href":"https:\/\/okruhari.sk\/cs\/wp-json\/wp\/v2\/types\/page"}],"author":[{"embeddable":true,"href":"https:\/\/okruhari.sk\/cs\/wp-json\/wp\/v2\/users\/4"}],"replies":[{"embeddable":true,"href":"https:\/\/okruhari.sk\/cs\/wp-json\/wp\/v2\/comments?post=16317"}],"version-history":[{"count":2,"href":"https:\/\/okruhari.sk\/cs\/wp-json\/wp\/v2\/pages\/16317\/revisions"}],"predecessor-version":[{"id":16320,"href":"https:\/\/okruhari.sk\/cs\/wp-json\/wp\/v2\/pages\/16317\/revisions\/16320"}],"wp:attachment":[{"href":"https:\/\/okruhari.sk\/cs\/wp-json\/wp\/v2\/media?parent=16317"}],"curies":[{"name":"wp","href":"https:\/\/api.w.org\/{rel}","templated":true}]}}