{"id":16285,"date":"2022-10-10T14:29:13","date_gmt":"2022-10-10T12:29:13","guid":{"rendered":"https:\/\/okruhari.sk\/ukazkova-stranka\/"},"modified":"2025-10-25T12:04:26","modified_gmt":"2025-10-25T10:04:26","slug":"ukazkova-stranka","status":"publish","type":"page","link":"https:\/\/okruhari.sk\/cs\/ukazkova-stranka\/","title":{"rendered":"Uk\u00e1zkov\u00e1 str\u00e1nka"},"content":{"rendered":"<p>Toto je vzorov\u00e1 str\u00e1nka. Li\u0161\u00ed se od blogu t\u00edm, \u017ee z\u016fst\u00e1v\u00e1 na jednom m\u00edst\u011b a zobrazuje se v navigaci va\u0161eho webu (ve v\u011bt\u0161in\u011b \u0161ablon). V\u011bt\u0161ina lid\u00ed za\u010d\u00edn\u00e1 str\u00e1nkou O n\u00e1s, kter\u00e1 je p\u0159edstavuje potenci\u00e1ln\u00edm n\u00e1v\u0161t\u011bvn\u00edk\u016fm. Mohlo by to vypadat n\u011bjak takhle:   <\/p><blockquote class=\"wp-block-quote is-layout-flow wp-block-quote-is-layout-flow\"><p>Ahoj! P\u0159es den pracuju jako kur\u00fdr na kole, po noc\u00edch m\u00edch\u00e1m nejlep\u0161\u00ed drinky v p\u0159\u00edjemn\u00e9m baru a tohle je m\u016fj web. Bydl\u00edm v Brn\u011b, m\u00e1m k\u0159e\u010dka Igora a ob\u010das m\u00e1m rande i se sv\u00fdm m\u011bstem (nejdu do baru, ale t\u0159eba se jen tak proch\u00e1z\u00edm).  <\/p><\/blockquote><p>&#8230;nebo n\u011bco takov\u00e9ho:<\/p><blockquote class=\"wp-block-quote is-layout-flow wp-block-quote-is-layout-flow\"><p>Spole\u010dnost XYZ Doohickey byla zalo\u017eena v roce 1971 a od t\u00e9 doby poskytuje ve\u0159ejnosti kvalitn\u00ed slu\u017eby. S\u00eddl\u00ed v Gotham City, XYZ zam\u011bstn\u00e1v\u00e1 v\u00edce ne\u017e 2000 lid\u00ed a d\u011bl\u00e1 v\u0161echny mo\u017en\u00e9 \u00fa\u017easn\u00e9 v\u011bci pro komunitu Gothamu. <\/p><\/blockquote><p>Jako nov\u00fd u\u017eivatel WordPressu m\u016f\u017ee\u0161 p\u0159ej\u00edt na <a href=\"https:\/\/okruhari.sk\/wp-admin\/\">sv\u016fj dashboard<\/a>, smazat tuto str\u00e1nku a vytvo\u0159it nov\u00e9 str\u00e1nky pro sv\u016fj obsah. Bav se! <\/p>","protected":false},"excerpt":{"rendered":"<p>Toto je vzorov\u00e1 str\u00e1nka. Li\u0161\u00ed se od blogu t\u00edm, \u017ee z\u016fst\u00e1v\u00e1 na jednom m\u00edst\u011b a zobrazuje se v navigaci va\u0161eho webu (ve v\u011bt\u0161in\u011b \u0161ablon). V\u011bt\u0161ina&#8230;<\/p>\n","protected":false},"author":1,"featured_media":0,"parent":0,"menu_order":0,"comment_status":"closed","ping_status":"open","template":"","meta":{"ngg_post_thumbnail":0,"footnotes":""},"class_list":["post-16285","page","type-page","status-publish","hentry"],"_links":{"self":[{"href":"https:\/\/okruhari.sk\/cs\/wp-json\/wp\/v2\/pages\/16285","targetHints":{"allow":["GET"]}}],"collection":[{"href":"https:\/\/okruhari.sk\/cs\/wp-json\/wp\/v2\/pages"}],"about":[{"href":"https:\/\/okruhari.sk\/cs\/wp-json\/wp\/v2\/types\/page"}],"author":[{"embeddable":true,"href":"https:\/\/okruhari.sk\/cs\/wp-json\/wp\/v2\/users\/1"}],"replies":[{"embeddable":true,"href":"https:\/\/okruhari.sk\/cs\/wp-json\/wp\/v2\/comments?post=16285"}],"version-history":[{"count":1,"href":"https:\/\/okruhari.sk\/cs\/wp-json\/wp\/v2\/pages\/16285\/revisions"}],"predecessor-version":[{"id":16286,"href":"https:\/\/okruhari.sk\/cs\/wp-json\/wp\/v2\/pages\/16285\/revisions\/16286"}],"wp:attachment":[{"href":"https:\/\/okruhari.sk\/cs\/wp-json\/wp\/v2\/media?parent=16285"}],"curies":[{"name":"wp","href":"https:\/\/api.w.org\/{rel}","templated":true}]}}