{"id":16169,"date":"2022-12-04T12:33:56","date_gmt":"2022-12-04T11:33:56","guid":{"rendered":"https:\/\/okruhari.sk\/losovani\/"},"modified":"2025-10-25T12:01:24","modified_gmt":"2025-10-25T10:01:24","slug":"losovani","status":"publish","type":"page","link":"https:\/\/okruhari.sk\/cs\/losovani\/","title":{"rendered":"Losov\u00e1n\u00ed"},"content":{"rendered":"\t\t<div data-elementor-type=\"wp-page\" data-elementor-id=\"16169\" class=\"elementor elementor-16169 elementor-6464\" data-elementor-post-type=\"page\">\n\t\t\t\t<div class=\"elementor-element elementor-element-6e177f80 e-flex e-con-boxed e-con e-parent\" data-id=\"6e177f80\" data-element_type=\"container\">\n\t\t\t\t\t<div class=\"e-con-inner\">\n\t\t<div class=\"elementor-element elementor-element-23d1812e e-con-full e-flex e-con e-child\" data-id=\"23d1812e\" data-element_type=\"container\" data-settings=\"{&quot;background_background&quot;:&quot;classic&quot;}\">\n\t\t<div class=\"elementor-element elementor-element-3b833cce e-flex e-con-boxed e-con e-child\" data-id=\"3b833cce\" data-element_type=\"container\" data-settings=\"{&quot;background_background&quot;:&quot;classic&quot;}\">\n\t\t\t\t\t<div class=\"e-con-inner\">\n\t\t\t\t<div class=\"elementor-element elementor-element-a58ed15 elementor-widget elementor-widget-heading\" data-id=\"a58ed15\" data-element_type=\"widget\" data-widget_type=\"heading.default\">\n\t\t\t\t<div class=\"elementor-widget-container\">\n\t\t\t\t\t<h2 class=\"elementor-heading-title elementor-size-default\">Losov\u00e1n\u00ed o sk\u00fatr Italjet Dragster 125<\/h2>\t\t\t\t<\/div>\n\t\t\t\t<\/div>\n\t\t\t\t\t<\/div>\n\t\t\t\t<\/div>\n\t\t\t\t<div class=\"elementor-element elementor-element-9b9ed8e elementor-widget elementor-widget-image\" data-id=\"9b9ed8e\" data-element_type=\"widget\" data-widget_type=\"image.default\">\n\t\t\t\t<div class=\"elementor-widget-container\">\n\t\t\t\t\t\t\t\t\t\t\t\t\t\t\t<img loading=\"lazy\" loading=\"lazy\" decoding=\"async\" width=\"1024\" height=\"833\" src=\"https:\/\/okruhari.sk\/wp-content\/uploads\/2023\/11\/italjet-1024x833.jpg\" class=\"attachment-large size-large wp-image-16170 wvs-archive-product-image\" alt=\"\" srcset=\"https:\/\/okruhari.sk\/wp-content\/uploads\/2023\/11\/italjet-1024x833.jpg 1024w, https:\/\/okruhari.sk\/wp-content\/uploads\/2023\/11\/italjet-400x325.jpg 400w, https:\/\/okruhari.sk\/wp-content\/uploads\/2023\/11\/italjet-300x244.jpg 300w, https:\/\/okruhari.sk\/wp-content\/uploads\/2023\/11\/italjet-768x625.jpg 768w, https:\/\/okruhari.sk\/wp-content\/uploads\/2023\/11\/italjet-1x1.jpg 1w, https:\/\/okruhari.sk\/wp-content\/uploads\/2023\/11\/italjet-10x8.jpg 10w, https:\/\/okruhari.sk\/wp-content\/uploads\/2023\/11\/italjet.jpg 1034w\" sizes=\"auto, (max-width: 1024px) 100vw, 1024px\" \/>\t\t\t\t\t\t\t\t\t\t\t\t\t\t\t<\/div>\n\t\t\t\t<\/div>\n\t\t\t\t<div class=\"elementor-element elementor-element-54c51b1 elementor-widget elementor-widget-text-editor\" data-id=\"54c51b1\" data-element_type=\"widget\" data-widget_type=\"text-editor.default\">\n\t\t\t\t<div class=\"elementor-widget-container\">\n\t\t\t\t\t\t\t\t\t<p><strong>Losov\u00e1n\u00ed o sk\u00fatr Italjet Dragster 125<\/strong><\/p><ul><li>V\u00fdznamn\u00fdm partnerem na\u0161ich akc\u00ed je spole\u010dnost <strong>Italjet Slovensko<\/strong>. Tento partner poskytl t\u0159i sk\u00fatry <strong>Italjet Dragster 125,<\/strong> kter\u00e9 budeme postupn\u011b <strong>losovat na ka\u017ed\u00e9 na\u0161\u00ed akci.<\/strong> <\/li><li style=\"text-align: left;\">Ka\u017ed\u00fd \u00fa\u010dastn\u00edk dvoudenn\u00ed nebo t\u0159\u00eddenn\u00ed akce z\u00edsk\u00e1v\u00e1 hlas do losov\u00e1n\u00ed o sk\u00fatr Italjet Dragster 125. <\/li><\/ul>\t\t\t\t\t\t\t\t<\/div>\n\t\t\t\t<\/div>\n\t\t\t\t<\/div>\n\t\t<div class=\"elementor-element elementor-element-2ddff3ab e-con-full e-flex e-con e-child\" data-id=\"2ddff3ab\" data-element_type=\"container\">\n\t\t<div class=\"elementor-element elementor-element-3944de87 elementor-hidden-tablet e-flex e-con-boxed e-con e-child\" data-id=\"3944de87\" data-element_type=\"container\" data-settings=\"{&quot;background_background&quot;:&quot;classic&quot;}\">\n\t\t\t\t\t<div class=\"e-con-inner\">\n\t\t\t\t<div class=\"elementor-element elementor-element-99c53b5 elementor-widget elementor-widget-heading\" data-id=\"99c53b5\" data-element_type=\"widget\" data-widget_type=\"heading.default\">\n\t\t\t\t<div class=\"elementor-widget-container\">\n\t\t\t\t\t<h2 class=\"elementor-heading-title elementor-size-default\"><strong>Losov\u00e1n\u00ed o motorku Yamaha R1<\/strong><\/h2>\t\t\t\t<\/div>\n\t\t\t\t<\/div>\n\t\t\t\t\t<\/div>\n\t\t\t\t<\/div>\n\t\t\t\t<div class=\"elementor-element elementor-element-486a09b elementor-widget elementor-widget-image\" data-id=\"486a09b\" data-element_type=\"widget\" data-widget_type=\"image.default\">\n\t\t\t\t<div class=\"elementor-widget-container\">\n\t\t\t\t\t\t\t\t\t\t\t\t\t\t\t<img loading=\"lazy\" loading=\"lazy\" decoding=\"async\" width=\"1024\" height=\"833\" src=\"https:\/\/okruhari.sk\/wp-content\/uploads\/2023\/10\/yamaha-R1-1-1024x833.jpg\" class=\"attachment-large size-large wp-image-16353 wvs-archive-product-image\" alt=\"\" srcset=\"https:\/\/okruhari.sk\/wp-content\/uploads\/2023\/10\/yamaha-R1-1-1024x833.jpg 1024w, https:\/\/okruhari.sk\/wp-content\/uploads\/2023\/10\/yamaha-R1-1-400x325.jpg 400w, https:\/\/okruhari.sk\/wp-content\/uploads\/2023\/10\/yamaha-R1-1-300x244.jpg 300w, https:\/\/okruhari.sk\/wp-content\/uploads\/2023\/10\/yamaha-R1-1-768x625.jpg 768w, https:\/\/okruhari.sk\/wp-content\/uploads\/2023\/10\/yamaha-R1-1-1x1.jpg 1w, https:\/\/okruhari.sk\/wp-content\/uploads\/2023\/10\/yamaha-R1-1-10x8.jpg 10w, https:\/\/okruhari.sk\/wp-content\/uploads\/2023\/10\/yamaha-R1-1.jpg 1034w\" sizes=\"auto, (max-width: 1024px) 100vw, 1024px\" \/>\t\t\t\t\t\t\t\t\t\t\t\t\t\t\t<\/div>\n\t\t\t\t<\/div>\n\t\t\t\t<div class=\"elementor-element elementor-element-5408069 elementor-widget elementor-widget-text-editor\" data-id=\"5408069\" data-element_type=\"widget\" data-widget_type=\"text-editor.default\">\n\t\t\t\t<div class=\"elementor-widget-container\">\n\t\t\t\t\t\t\t\t\t<p><strong>Losov\u00e1n\u00ed o motorku Yamaha R1<\/strong><\/p><ul><li>Losov\u00e1n\u00ed o motorku <strong>Yamaha R1<\/strong> je pro jezdce seri\u00e1lu z\u00e1vod\u016f<br><strong>Yamaha R1 Dunlop Cup.<\/strong><\/li><li>Ka\u017ed\u00fd jezdec, kter\u00fd spln\u00ed podm\u00ednky \u00fa\u010dasti v <strong>Yamaha R1 Dunlop<\/strong><br><strong>Cupu<\/strong> z\u00edsk\u00e1v\u00e1 hlas nebo hlasy do losov\u00e1n\u00ed o <strong>Yamahu R1<\/strong>. <\/li><li>Jedna \u00fa\u010dast v z\u00e1vod\u011b = jeden hlas do losov\u00e1n\u00ed o R1.<\/li><\/ul>\t\t\t\t\t\t\t\t<\/div>\n\t\t\t\t<\/div>\n\t\t\t\t<\/div>\n\t\t\t\t\t<\/div>\n\t\t\t\t<\/div>\n\t\t\t\t<\/div>\n\t\t","protected":false},"excerpt":{"rendered":"<p>Losov\u00e1n\u00ed o sk\u00fatr Italjet Dragster 125 Losov\u00e1n\u00ed o sk\u00fatr Italjet Dragster 125 V\u00fdznamn\u00fdm partnerem na\u0161ich akc\u00ed je spole\u010dnost Italjet Slovensko. Tento partner poskytl t\u0159i sk\u00fatry&#8230;<\/p>\n","protected":false},"author":1,"featured_media":0,"parent":0,"menu_order":0,"comment_status":"closed","ping_status":"closed","template":"","meta":{"ngg_post_thumbnail":0,"footnotes":""},"class_list":["post-16169","page","type-page","status-publish","hentry"],"_links":{"self":[{"href":"https:\/\/okruhari.sk\/cs\/wp-json\/wp\/v2\/pages\/16169","targetHints":{"allow":["GET"]}}],"collection":[{"href":"https:\/\/okruhari.sk\/cs\/wp-json\/wp\/v2\/pages"}],"about":[{"href":"https:\/\/okruhari.sk\/cs\/wp-json\/wp\/v2\/types\/page"}],"author":[{"embeddable":true,"href":"https:\/\/okruhari.sk\/cs\/wp-json\/wp\/v2\/users\/1"}],"replies":[{"embeddable":true,"href":"https:\/\/okruhari.sk\/cs\/wp-json\/wp\/v2\/comments?post=16169"}],"version-history":[{"count":2,"href":"https:\/\/okruhari.sk\/cs\/wp-json\/wp\/v2\/pages\/16169\/revisions"}],"predecessor-version":[{"id":16173,"href":"https:\/\/okruhari.sk\/cs\/wp-json\/wp\/v2\/pages\/16169\/revisions\/16173"}],"wp:attachment":[{"href":"https:\/\/okruhari.sk\/cs\/wp-json\/wp\/v2\/media?parent=16169"}],"curies":[{"name":"wp","href":"https:\/\/api.w.org\/{rel}","templated":true}]}}