{"id":16162,"date":"2022-12-06T10:42:51","date_gmt":"2022-12-06T09:42:51","guid":{"rendered":"https:\/\/okruhari.sk\/aktuality\/"},"modified":"2025-10-25T12:00:52","modified_gmt":"2025-10-25T10:00:52","slug":"aktuality","status":"publish","type":"page","link":"https:\/\/okruhari.sk\/cs\/aktuality\/","title":{"rendered":"Aktuality"},"content":{"rendered":"\t\t<div data-elementor-type=\"wp-page\" data-elementor-id=\"16162\" class=\"elementor elementor-16162 elementor-6614\" data-elementor-post-type=\"page\">\n\t\t\t\t\t\t<section class=\"elementor-section elementor-top-section elementor-element elementor-element-6c0c74de elementor-section-stretched elementor-section-boxed elementor-section-height-default elementor-section-height-default\" data-id=\"6c0c74de\" data-element_type=\"section\" data-settings=\"{&quot;stretch_section&quot;:&quot;section-stretched&quot;}\">\n\t\t\t\t\t\t<div class=\"elementor-container elementor-column-gap-no\">\n\t\t\t\t\t<div class=\"elementor-column elementor-col-100 elementor-top-column elementor-element elementor-element-270a2020\" data-id=\"270a2020\" data-element_type=\"column\">\n\t\t\t<div class=\"elementor-widget-wrap elementor-element-populated\">\n\t\t\t\t\t\t<div class=\"elementor-element elementor-element-71b3d433 elementor-widget elementor-widget-heading\" data-id=\"71b3d433\" data-element_type=\"widget\" data-widget_type=\"heading.default\">\n\t\t\t\t<div class=\"elementor-widget-container\">\n\t\t\t\t\t<h2 class=\"elementor-heading-title elementor-size-default\">Aktuality<\/h2>\t\t\t\t<\/div>\n\t\t\t\t<\/div>\n\t\t\t\t<div class=\"elementor-element elementor-element-5711fc4b elementor-widget elementor-widget-et_blog_carousel\" data-id=\"5711fc4b\" data-element_type=\"widget\" data-widget_type=\"et_blog_carousel.default\">\n\t\t\t\t<div class=\"elementor-widget-container\">\n\t\t\t\t\t<div class=\"swiper-entry  middle arrows-hover\">\n\t                <div\n\t                    class=\"swiper-container carousel-area  posts-slider slider-7857 \"\n\t                    \n\t                    data-breakpoints=\"1\"\n\t                    data-xs-slides=\"1\"\n\t                    data-sm-slides=\"3\"\n\t                    data-md-slides=\"4\"\n\t                    data-lt-slides=\"4\"\n\t                    data-slides-per-view=\"4\"\n\t                    \n\t                    data-slides-per-group=\"1\"\n\t                    data-autoplay=\"\"\n\t                    data-speed=\"300\"  \n\t                >\n\t            <div class=\"swiper-wrapper\"><div class=\"swiper-slide\" style=\"width:25%\">\n<article class=\"blog-post post-grid col-md-4 grid-sizer byline-on content-default slide-view-vertical post-18225 post type-post status-publish format-standard hentry category-uncategorized-cs\" id=\"post-18225\">\n    <div>\n        \t\t\t\t\n        <div class=\"grid-post-body\">\n            <div class=\"post-heading\">\n                <h2><a href=\"https:\/\/okruhari.sk\/cs\/okruhova-racing-motoskola\/\">Okruhov\u00e1 Racing Moto\u0161kola<\/a><\/h2>\n                                    \t\t<div class=\"meta-post\">\n\t\t\t\t\t\t\t\t\t\t\t<\/div>\n\t\t                            <\/div>\n\n            <div class=\"content-article\">\n                Okruhov\u00e1 Racing Moto\u0161kola Na rozdiel od be\u017en\u00e9ho modelu, kde pr\u00edde\u0161 r\u00e1no a za\u010dne\u0161 te\u00f3riou, my sme to oto\u010dili. D\u016fvod je jednoduch\u00fd: nechceme, abys ztr\u00e1cel \u010das...                <a href=\"https:\/\/okruhari.sk\/cs\/okruhova-racing-motoskola\/\" class=\"more-button\"><span class=\"read-more\">Pokra\u010dovat ve \u010dten\u00ed<\/span><\/a>            <\/div>\n        <\/div>\n    <\/div>\n<\/article>\n\n<\/div><\/div><!-- slider wrapper--><\/div><!-- slider container-->\n                \t\t<div class=\"swiper-button-prev swiper-custom-left  et-swiper-elementor-nav type-arrow style-3\"><\/div>\n                \t\t<div class=\"swiper-button-next swiper-custom-right  et-swiper-elementor-nav type-arrow style-3\"><\/div>\n                \t\t<\/div><div class=\"clear\"><\/div><!-- slider-entry -->\t\t\t\t<\/div>\n\t\t\t\t<\/div>\n\t\t\t\t\t<\/div>\n\t\t<\/div>\n\t\t\t\t\t<\/div>\n\t\t<\/section>\n\t\t\t\t<\/div>\n\t\t","protected":false},"excerpt":{"rendered":"<p>Pribudla \u010fal\u0161ia zauj\u00edmav\u00e1 cena do septembrovej losova\u010dky!!! Ka\u017ed\u00fd kto sa z\u00fa\u010dastn\u00ed s na\u0161ou moto agent\u00farou dvojd\u0148ov\u00e9ho podujatia je zaraden\u00fd do losovania. Hlavn\u00e1 cena je Aprilia&#8230;&#8230;<\/p>\n","protected":false},"author":1,"featured_media":0,"parent":0,"menu_order":0,"comment_status":"closed","ping_status":"closed","template":"","meta":{"ngg_post_thumbnail":0,"footnotes":""},"class_list":["post-16162","page","type-page","status-publish","hentry"],"_links":{"self":[{"href":"https:\/\/okruhari.sk\/cs\/wp-json\/wp\/v2\/pages\/16162","targetHints":{"allow":["GET"]}}],"collection":[{"href":"https:\/\/okruhari.sk\/cs\/wp-json\/wp\/v2\/pages"}],"about":[{"href":"https:\/\/okruhari.sk\/cs\/wp-json\/wp\/v2\/types\/page"}],"author":[{"embeddable":true,"href":"https:\/\/okruhari.sk\/cs\/wp-json\/wp\/v2\/users\/1"}],"replies":[{"embeddable":true,"href":"https:\/\/okruhari.sk\/cs\/wp-json\/wp\/v2\/comments?post=16162"}],"version-history":[{"count":1,"href":"https:\/\/okruhari.sk\/cs\/wp-json\/wp\/v2\/pages\/16162\/revisions"}],"predecessor-version":[{"id":16163,"href":"https:\/\/okruhari.sk\/cs\/wp-json\/wp\/v2\/pages\/16162\/revisions\/16163"}],"wp:attachment":[{"href":"https:\/\/okruhari.sk\/cs\/wp-json\/wp\/v2\/media?parent=16162"}],"curies":[{"name":"wp","href":"https:\/\/api.w.org\/{rel}","templated":true}]}}