{"id":16148,"date":"2022-12-04T12:33:23","date_gmt":"2022-12-04T11:33:23","guid":{"rendered":"https:\/\/okruhari.sk\/vysledky\/"},"modified":"2025-10-25T12:00:13","modified_gmt":"2025-10-25T10:00:13","slug":"vysledky","status":"publish","type":"page","link":"https:\/\/okruhari.sk\/cs\/vysledky\/","title":{"rendered":"V\u00fdsledky"},"content":{"rendered":"\t\t<div data-elementor-type=\"wp-page\" data-elementor-id=\"16148\" class=\"elementor elementor-16148 elementor-6462\" data-elementor-post-type=\"page\">\n\t\t\t\t\t\t<section class=\"elementor-section elementor-top-section elementor-element elementor-element-3eda1c07 elementor-section-height-min-height elementor-section-boxed elementor-section-height-default elementor-section-items-middle\" data-id=\"3eda1c07\" data-element_type=\"section\" data-settings=\"{&quot;background_background&quot;:&quot;classic&quot;}\">\n\t\t\t\t\t\t<div class=\"elementor-container elementor-column-gap-no\">\n\t\t\t\t\t<div class=\"elementor-column elementor-col-50 elementor-top-column elementor-element elementor-element-b86d0a7 elementor-invisible\" data-id=\"b86d0a7\" data-element_type=\"column\" data-settings=\"{&quot;animation&quot;:&quot;fadeIn&quot;}\">\n\t\t\t<div class=\"elementor-widget-wrap elementor-element-populated\">\n\t\t\t\t\t\t<div class=\"elementor-element elementor-element-8f228e9 elementor-widget elementor-widget-heading\" data-id=\"8f228e9\" data-element_type=\"widget\" data-widget_type=\"heading.default\">\n\t\t\t\t<div class=\"elementor-widget-container\">\n\t\t\t\t\t<h2 class=\"elementor-heading-title elementor-size-default\">V\u00ddSLEDKY<\/h2>\t\t\t\t<\/div>\n\t\t\t\t<\/div>\n\t\t\t\t<div class=\"elementor-element elementor-element-2ba6ced5 elementor-widget elementor-widget-heading\" data-id=\"2ba6ced5\" data-element_type=\"widget\" data-widget_type=\"heading.default\">\n\t\t\t\t<div class=\"elementor-widget-container\">\n\t\t\t\t\t<h2 class=\"elementor-heading-title elementor-size-default\">Bodov\u00e1n\u00ed v seri\u00e1lu z\u00e1vod\u016f<\/h2>\t\t\t\t<\/div>\n\t\t\t\t<\/div>\n\t\t\t\t<div class=\"elementor-element elementor-element-75fe62f elementor-widget elementor-widget-spacer\" data-id=\"75fe62f\" data-element_type=\"widget\" data-widget_type=\"spacer.default\">\n\t\t\t\t<div class=\"elementor-widget-container\">\n\t\t\t\t\t\t\t<div class=\"elementor-spacer\">\n\t\t\t<div class=\"elementor-spacer-inner\"><\/div>\n\t\t<\/div>\n\t\t\t\t\t\t<\/div>\n\t\t\t\t<\/div>\n\t\t\t\t<div class=\"elementor-element elementor-element-4f77802 elementor-widget elementor-widget-spacer\" data-id=\"4f77802\" data-element_type=\"widget\" data-widget_type=\"spacer.default\">\n\t\t\t\t<div class=\"elementor-widget-container\">\n\t\t\t\t\t\t\t<div class=\"elementor-spacer\">\n\t\t\t<div class=\"elementor-spacer-inner\"><\/div>\n\t\t<\/div>\n\t\t\t\t\t\t<\/div>\n\t\t\t\t<\/div>\n\t\t\t\t\t<\/div>\n\t\t<\/div>\n\t\t\t\t<div class=\"elementor-column elementor-col-50 elementor-top-column elementor-element elementor-element-4abce36e\" data-id=\"4abce36e\" data-element_type=\"column\">\n\t\t\t<div class=\"elementor-widget-wrap\">\n\t\t\t\t\t\t\t<\/div>\n\t\t<\/div>\n\t\t\t\t\t<\/div>\n\t\t<\/section>\n\t\t\t\t<section class=\"elementor-section elementor-top-section elementor-element elementor-element-34c447b elementor-section-boxed elementor-section-height-default elementor-section-height-default\" data-id=\"34c447b\" data-element_type=\"section\">\n\t\t\t\t\t\t<div class=\"elementor-container elementor-column-gap-default\">\n\t\t\t\t\t<div class=\"elementor-column elementor-col-100 elementor-top-column elementor-element elementor-element-5f8b6cb\" data-id=\"5f8b6cb\" data-element_type=\"column\">\n\t\t\t<div class=\"elementor-widget-wrap elementor-element-populated\">\n\t\t\t\t\t\t<section class=\"elementor-section elementor-inner-section elementor-element elementor-element-708df87 elementor-section-boxed elementor-section-height-default elementor-section-height-default\" data-id=\"708df87\" data-element_type=\"section\">\n\t\t\t\t\t\t<div class=\"elementor-container elementor-column-gap-default\">\n\t\t\t\t\t<div class=\"elementor-column elementor-col-50 elementor-inner-column elementor-element elementor-element-4409e3d\" data-id=\"4409e3d\" data-element_type=\"column\">\n\t\t\t<div class=\"elementor-widget-wrap elementor-element-populated\">\n\t\t\t\t\t\t<div class=\"elementor-element elementor-element-655a0f0 elementor-widget elementor-widget-image\" data-id=\"655a0f0\" data-element_type=\"widget\" data-widget_type=\"image.default\">\n\t\t\t\t<div class=\"elementor-widget-container\">\n\t\t\t\t\t\t\t\t\t\t\t\t\t\t\t\t<a href=\"https:\/\/okruhari.sk\/wp-content\/uploads\/2024\/07\/Hlasy-do-losovania-2024-jul.pdf\" target=\"_blank\">\n\t\t\t\t\t\t\t<img loading=\"lazy\" loading=\"lazy\" decoding=\"async\" width=\"167\" height=\"72\" src=\"https:\/\/okruhari.sk\/wp-content\/uploads\/elementor\/thumbs\/xstore-placeholder-rdz9aqd28vx6zkq8utvc4bjyrsy5y8cjuk6vl34lpk.png\" class=\"attachment-large size-large wp-image-16149 wvs-archive-product-image lazyload lazyload-simple et-lazyload-fadeIn\" alt=\"\" sizes=\"auto, (max-width: 167px) 100vw, 167px\" data-src=\"https:\/\/okruhari.sk\/wp-content\/uploads\/2022\/12\/PDF.jpg\" data-srcset=\"https:\/\/okruhari.sk\/wp-content\/uploads\/2022\/12\/PDF.jpg 167w, https:\/\/okruhari.sk\/wp-content\/uploads\/2022\/12\/PDF-1x1.jpg 1w, https:\/\/okruhari.sk\/wp-content\/uploads\/2022\/12\/PDF-10x4.jpg 10w\" \/>\t\t\t\t\t\t\t\t<\/a>\n\t\t\t\t\t\t\t\t\t\t\t\t\t\t\t<\/div>\n\t\t\t\t<\/div>\n\t\t\t\t\t<\/div>\n\t\t<\/div>\n\t\t\t\t<div class=\"elementor-column elementor-col-50 elementor-inner-column elementor-element elementor-element-c4e1754\" data-id=\"c4e1754\" data-element_type=\"column\">\n\t\t\t<div class=\"elementor-widget-wrap elementor-element-populated\">\n\t\t\t\t\t\t<div class=\"elementor-element elementor-element-d00cac8 elementor-widget elementor-widget-text-editor\" data-id=\"d00cac8\" data-element_type=\"widget\" data-widget_type=\"text-editor.default\">\n\t\t\t\t<div class=\"elementor-widget-container\">\n\t\t\t\t\t\t\t\t\t<p><a href=\"https:\/\/okruhari.sk\/wp-content\/uploads\/2024\/07\/Hlasy-do-losovania-2024-jul.pdf\"><b><u>Hlasy do losov\u00e1n\u00ed o Yamahu R1 &#8211; <\/u><\/b><u>2024<\/u><\/a><\/p>\t\t\t\t\t\t\t\t<\/div>\n\t\t\t\t<\/div>\n\t\t\t\t\t<\/div>\n\t\t<\/div>\n\t\t\t\t\t<\/div>\n\t\t<\/section>\n\t\t\t\t\t<\/div>\n\t\t<\/div>\n\t\t\t\t\t<\/div>\n\t\t<\/section>\n\t\t\t\t<section class=\"elementor-section elementor-top-section elementor-element elementor-element-8d2e694 elementor-section-boxed elementor-section-height-default elementor-section-height-default\" data-id=\"8d2e694\" data-element_type=\"section\">\n\t\t\t\t\t\t<div class=\"elementor-container elementor-column-gap-default\">\n\t\t\t\t\t<div class=\"elementor-column elementor-col-100 elementor-top-column elementor-element elementor-element-1b613c4\" data-id=\"1b613c4\" data-element_type=\"column\">\n\t\t\t<div class=\"elementor-widget-wrap elementor-element-populated\">\n\t\t\t\t\t\t<section class=\"elementor-section elementor-inner-section elementor-element elementor-element-3065354 elementor-section-boxed elementor-section-height-default elementor-section-height-default\" data-id=\"3065354\" data-element_type=\"section\">\n\t\t\t\t\t\t<div class=\"elementor-container elementor-column-gap-default\">\n\t\t\t\t\t<div class=\"elementor-column elementor-col-50 elementor-inner-column elementor-element elementor-element-61e18e9\" data-id=\"61e18e9\" data-element_type=\"column\">\n\t\t\t<div class=\"elementor-widget-wrap elementor-element-populated\">\n\t\t\t\t\t\t<div class=\"elementor-element elementor-element-f6989b4 elementor-widget elementor-widget-image\" data-id=\"f6989b4\" data-element_type=\"widget\" data-widget_type=\"image.default\">\n\t\t\t\t<div class=\"elementor-widget-container\">\n\t\t\t\t\t\t\t\t\t\t\t\t\t\t\t\t<a href=\"https:\/\/okruhari.sk\/wp-content\/uploads\/2024\/07\/Yamaha-cup-jul-.pdf\" target=\"_blank\">\n\t\t\t\t\t\t\t<img loading=\"lazy\" loading=\"lazy\" decoding=\"async\" width=\"167\" height=\"72\" src=\"https:\/\/okruhari.sk\/wp-content\/uploads\/elementor\/thumbs\/xstore-placeholder-rdz9aqd28vx6zkq8utvc4bjyrsy5y8cjuk6vl34lpk.png\" class=\"attachment-large size-large wp-image-16149 wvs-archive-product-image lazyload lazyload-simple et-lazyload-fadeIn\" alt=\"\" sizes=\"auto, (max-width: 167px) 100vw, 167px\" data-src=\"https:\/\/okruhari.sk\/wp-content\/uploads\/2022\/12\/PDF.jpg\" data-srcset=\"https:\/\/okruhari.sk\/wp-content\/uploads\/2022\/12\/PDF.jpg 167w, https:\/\/okruhari.sk\/wp-content\/uploads\/2022\/12\/PDF-1x1.jpg 1w, https:\/\/okruhari.sk\/wp-content\/uploads\/2022\/12\/PDF-10x4.jpg 10w\" \/>\t\t\t\t\t\t\t\t<\/a>\n\t\t\t\t\t\t\t\t\t\t\t\t\t\t\t<\/div>\n\t\t\t\t<\/div>\n\t\t\t\t\t<\/div>\n\t\t<\/div>\n\t\t\t\t<div class=\"elementor-column elementor-col-50 elementor-inner-column elementor-element elementor-element-79a581d\" data-id=\"79a581d\" data-element_type=\"column\">\n\t\t\t<div class=\"elementor-widget-wrap elementor-element-populated\">\n\t\t\t\t\t\t<div class=\"elementor-element elementor-element-96e7be3 elementor-widget elementor-widget-text-editor\" data-id=\"96e7be3\" data-element_type=\"widget\" data-widget_type=\"text-editor.default\">\n\t\t\t\t<div class=\"elementor-widget-container\">\n\t\t\t\t\t\t\t\t\t<p><span style=\"text-decoration: underline;\"><a href=\"https:\/\/okruhari.sk\/wp-content\/uploads\/2024\/07\/Yamaha-cup-jul-.pdf\"><strong>Yamaha R1 Dunlop CUP 2024 &#8211; <\/strong>v\u00fdsledky<\/a><\/span><\/p>\t\t\t\t\t\t\t\t<\/div>\n\t\t\t\t<\/div>\n\t\t\t\t\t<\/div>\n\t\t<\/div>\n\t\t\t\t\t<\/div>\n\t\t<\/section>\n\t\t\t\t\t<\/div>\n\t\t<\/div>\n\t\t\t\t\t<\/div>\n\t\t<\/section>\n\t\t\t\t<section class=\"elementor-section elementor-top-section elementor-element elementor-element-9c7f319 elementor-section-boxed elementor-section-height-default elementor-section-height-default\" data-id=\"9c7f319\" data-element_type=\"section\">\n\t\t\t\t\t\t<div class=\"elementor-container elementor-column-gap-default\">\n\t\t\t\t\t<div class=\"elementor-column elementor-col-100 elementor-top-column elementor-element elementor-element-ab71c74\" data-id=\"ab71c74\" data-element_type=\"column\">\n\t\t\t<div class=\"elementor-widget-wrap elementor-element-populated\">\n\t\t\t\t\t\t<section class=\"elementor-section elementor-inner-section elementor-element elementor-element-fc0dcf9 elementor-section-boxed elementor-section-height-default elementor-section-height-default\" data-id=\"fc0dcf9\" data-element_type=\"section\">\n\t\t\t\t\t\t<div class=\"elementor-container elementor-column-gap-default\">\n\t\t\t\t\t<div class=\"elementor-column elementor-col-50 elementor-inner-column elementor-element elementor-element-6671246\" data-id=\"6671246\" data-element_type=\"column\">\n\t\t\t<div class=\"elementor-widget-wrap elementor-element-populated\">\n\t\t\t\t\t\t<div class=\"elementor-element elementor-element-2224937 elementor-widget elementor-widget-image\" data-id=\"2224937\" data-element_type=\"widget\" data-widget_type=\"image.default\">\n\t\t\t\t<div class=\"elementor-widget-container\">\n\t\t\t\t\t\t\t\t\t\t\t\t\t\t\t\t<a href=\"https:\/\/okruhari.sk\/wp-content\/uploads\/2023\/09\/PISTON-CUP-september-1000.pdf\" target=\"_blank\">\n\t\t\t\t\t\t\t<img loading=\"lazy\" loading=\"lazy\" decoding=\"async\" width=\"167\" height=\"72\" src=\"https:\/\/okruhari.sk\/wp-content\/uploads\/elementor\/thumbs\/xstore-placeholder-rdz9aqd28vx6zkq8utvc4bjyrsy5y8cjuk6vl34lpk.png\" class=\"attachment-large size-large wp-image-16149 wvs-archive-product-image lazyload lazyload-simple et-lazyload-fadeIn\" alt=\"\" sizes=\"auto, (max-width: 167px) 100vw, 167px\" data-src=\"https:\/\/okruhari.sk\/wp-content\/uploads\/2022\/12\/PDF.jpg\" data-srcset=\"https:\/\/okruhari.sk\/wp-content\/uploads\/2022\/12\/PDF.jpg 167w, https:\/\/okruhari.sk\/wp-content\/uploads\/2022\/12\/PDF-1x1.jpg 1w, https:\/\/okruhari.sk\/wp-content\/uploads\/2022\/12\/PDF-10x4.jpg 10w\" \/>\t\t\t\t\t\t\t\t<\/a>\n\t\t\t\t\t\t\t\t\t\t\t\t\t\t\t<\/div>\n\t\t\t\t<\/div>\n\t\t\t\t\t<\/div>\n\t\t<\/div>\n\t\t\t\t<div class=\"elementor-column elementor-col-50 elementor-inner-column elementor-element elementor-element-b9bf79f\" data-id=\"b9bf79f\" data-element_type=\"column\">\n\t\t\t<div class=\"elementor-widget-wrap elementor-element-populated\">\n\t\t\t\t\t\t<div class=\"elementor-element elementor-element-1f5e8b0 elementor-widget elementor-widget-text-editor\" data-id=\"1f5e8b0\" data-element_type=\"widget\" data-widget_type=\"text-editor.default\">\n\t\t\t\t<div class=\"elementor-widget-container\">\n\t\t\t\t\t\t\t\t\t<p><a href=\"https:\/\/okruhari.sk\/wp-content\/uploads\/2023\/09\/PISTON-CUP-september-1000.pdf\" target=\"_blank\" rel=\"noopener\"><span style=\"text-decoration: underline;\"><strong>PISTON CUP 2023<\/strong> \u2013 v\u00fdsledky 1000 ccm<\/span><\/a><\/p>\t\t\t\t\t\t\t\t<\/div>\n\t\t\t\t<\/div>\n\t\t\t\t\t<\/div>\n\t\t<\/div>\n\t\t\t\t\t<\/div>\n\t\t<\/section>\n\t\t\t\t\t<\/div>\n\t\t<\/div>\n\t\t\t\t\t<\/div>\n\t\t<\/section>\n\t\t\t\t<section class=\"elementor-section elementor-top-section elementor-element elementor-element-cf5ff51 elementor-section-boxed elementor-section-height-default elementor-section-height-default\" data-id=\"cf5ff51\" data-element_type=\"section\">\n\t\t\t\t\t\t<div class=\"elementor-container elementor-column-gap-default\">\n\t\t\t\t\t<div class=\"elementor-column elementor-col-100 elementor-top-column elementor-element elementor-element-70ae84d\" data-id=\"70ae84d\" data-element_type=\"column\">\n\t\t\t<div class=\"elementor-widget-wrap elementor-element-populated\">\n\t\t\t\t\t\t<section class=\"elementor-section elementor-inner-section elementor-element elementor-element-7c24418 elementor-section-boxed elementor-section-height-default elementor-section-height-default\" data-id=\"7c24418\" data-element_type=\"section\">\n\t\t\t\t\t\t<div class=\"elementor-container elementor-column-gap-default\">\n\t\t\t\t\t<div class=\"elementor-column elementor-col-50 elementor-inner-column elementor-element elementor-element-b443d37\" data-id=\"b443d37\" data-element_type=\"column\">\n\t\t\t<div class=\"elementor-widget-wrap elementor-element-populated\">\n\t\t\t\t\t\t<div class=\"elementor-element elementor-element-7e61896 elementor-widget elementor-widget-image\" data-id=\"7e61896\" data-element_type=\"widget\" data-widget_type=\"image.default\">\n\t\t\t\t<div class=\"elementor-widget-container\">\n\t\t\t\t\t\t\t\t\t\t\t\t\t\t\t\t<a href=\"https:\/\/okruhari.sk\/wp-content\/uploads\/2023\/09\/Piston-cup-september-600.pdf\" target=\"_blank\">\n\t\t\t\t\t\t\t<img loading=\"lazy\" loading=\"lazy\" decoding=\"async\" width=\"167\" height=\"72\" src=\"https:\/\/okruhari.sk\/wp-content\/uploads\/elementor\/thumbs\/xstore-placeholder-rdz9aqd28vx6zkq8utvc4bjyrsy5y8cjuk6vl34lpk.png\" class=\"attachment-large size-large wp-image-16149 wvs-archive-product-image lazyload lazyload-simple et-lazyload-fadeIn\" alt=\"\" sizes=\"auto, (max-width: 167px) 100vw, 167px\" data-src=\"https:\/\/okruhari.sk\/wp-content\/uploads\/2022\/12\/PDF.jpg\" data-srcset=\"https:\/\/okruhari.sk\/wp-content\/uploads\/2022\/12\/PDF.jpg 167w, https:\/\/okruhari.sk\/wp-content\/uploads\/2022\/12\/PDF-1x1.jpg 1w, https:\/\/okruhari.sk\/wp-content\/uploads\/2022\/12\/PDF-10x4.jpg 10w\" \/>\t\t\t\t\t\t\t\t<\/a>\n\t\t\t\t\t\t\t\t\t\t\t\t\t\t\t<\/div>\n\t\t\t\t<\/div>\n\t\t\t\t\t<\/div>\n\t\t<\/div>\n\t\t\t\t<div class=\"elementor-column elementor-col-50 elementor-inner-column elementor-element elementor-element-4eaae50\" data-id=\"4eaae50\" data-element_type=\"column\">\n\t\t\t<div class=\"elementor-widget-wrap elementor-element-populated\">\n\t\t\t\t\t\t<div class=\"elementor-element elementor-element-c70849e elementor-widget elementor-widget-text-editor\" data-id=\"c70849e\" data-element_type=\"widget\" data-widget_type=\"text-editor.default\">\n\t\t\t\t<div class=\"elementor-widget-container\">\n\t\t\t\t\t\t\t\t\t<p><a href=\"https:\/\/okruhari.sk\/wp-content\/uploads\/2023\/09\/Piston-cup-september-600.pdf\" target=\"_blank\" rel=\"noopener\"><span style=\"text-decoration: underline;\"><strong>PISTON CUP 2023<\/strong> \u2013 v\u00fdsledky 600 ccm<\/span><\/a><\/p>\t\t\t\t\t\t\t\t<\/div>\n\t\t\t\t<\/div>\n\t\t\t\t\t<\/div>\n\t\t<\/div>\n\t\t\t\t\t<\/div>\n\t\t<\/section>\n\t\t\t\t\t<\/div>\n\t\t<\/div>\n\t\t\t\t\t<\/div>\n\t\t<\/section>\n\t\t\t\t<section class=\"elementor-section elementor-top-section elementor-element elementor-element-eb99e70 elementor-section-boxed elementor-section-height-default elementor-section-height-default\" data-id=\"eb99e70\" data-element_type=\"section\">\n\t\t\t\t\t\t<div class=\"elementor-container elementor-column-gap-default\">\n\t\t\t\t\t<div class=\"elementor-column elementor-col-100 elementor-top-column elementor-element elementor-element-4d19e39\" data-id=\"4d19e39\" data-element_type=\"column\">\n\t\t\t<div class=\"elementor-widget-wrap elementor-element-populated\">\n\t\t\t\t\t\t<section class=\"elementor-section elementor-inner-section elementor-element elementor-element-2574ff0 elementor-section-boxed elementor-section-height-default elementor-section-height-default\" data-id=\"2574ff0\" data-element_type=\"section\">\n\t\t\t\t\t\t<div class=\"elementor-container elementor-column-gap-default\">\n\t\t\t\t\t<div class=\"elementor-column elementor-col-50 elementor-inner-column elementor-element elementor-element-2491ec9\" data-id=\"2491ec9\" data-element_type=\"column\">\n\t\t\t<div class=\"elementor-widget-wrap elementor-element-populated\">\n\t\t\t\t\t\t<div class=\"elementor-element elementor-element-b6ca9b6 elementor-widget elementor-widget-image\" data-id=\"b6ca9b6\" data-element_type=\"widget\" data-widget_type=\"image.default\">\n\t\t\t\t<div class=\"elementor-widget-container\">\n\t\t\t\t\t\t\t\t\t\t\t\t\t\t\t\t<a href=\"https:\/\/okruhari.sk\/wp-content\/uploads\/2023\/09\/APRIA-CUP-september.pdf\" target=\"_blank\">\n\t\t\t\t\t\t\t<img loading=\"lazy\" loading=\"lazy\" decoding=\"async\" width=\"167\" height=\"72\" src=\"https:\/\/okruhari.sk\/wp-content\/uploads\/elementor\/thumbs\/xstore-placeholder-rdz9aqd28vx6zkq8utvc4bjyrsy5y8cjuk6vl34lpk.png\" class=\"attachment-large size-large wp-image-16149 wvs-archive-product-image lazyload lazyload-simple et-lazyload-fadeIn\" alt=\"\" sizes=\"auto, (max-width: 167px) 100vw, 167px\" data-src=\"https:\/\/okruhari.sk\/wp-content\/uploads\/2022\/12\/PDF.jpg\" data-srcset=\"https:\/\/okruhari.sk\/wp-content\/uploads\/2022\/12\/PDF.jpg 167w, https:\/\/okruhari.sk\/wp-content\/uploads\/2022\/12\/PDF-1x1.jpg 1w, https:\/\/okruhari.sk\/wp-content\/uploads\/2022\/12\/PDF-10x4.jpg 10w\" \/>\t\t\t\t\t\t\t\t<\/a>\n\t\t\t\t\t\t\t\t\t\t\t\t\t\t\t<\/div>\n\t\t\t\t<\/div>\n\t\t\t\t\t<\/div>\n\t\t<\/div>\n\t\t\t\t<div class=\"elementor-column elementor-col-50 elementor-inner-column elementor-element elementor-element-b4851c4\" data-id=\"b4851c4\" data-element_type=\"column\">\n\t\t\t<div class=\"elementor-widget-wrap elementor-element-populated\">\n\t\t\t\t\t\t<div class=\"elementor-element elementor-element-aade855 elementor-widget elementor-widget-text-editor\" data-id=\"aade855\" data-element_type=\"widget\" data-widget_type=\"text-editor.default\">\n\t\t\t\t<div class=\"elementor-widget-container\">\n\t\t\t\t\t\t\t\t\t<p><a href=\"https:\/\/okruhari.sk\/wp-content\/uploads\/2023\/09\/APRIA-CUP-september.pdf\" target=\"_blank\" rel=\"noopener\"><span style=\"text-decoration: underline;\"><strong>APRILIA CUP 2023<\/strong> \u2013 v\u00fdsledky<\/span><\/a><\/p>\t\t\t\t\t\t\t\t<\/div>\n\t\t\t\t<\/div>\n\t\t\t\t\t<\/div>\n\t\t<\/div>\n\t\t\t\t\t<\/div>\n\t\t<\/section>\n\t\t\t\t\t<\/div>\n\t\t<\/div>\n\t\t\t\t\t<\/div>\n\t\t<\/section>\n\t\t\t\t<section class=\"elementor-section elementor-top-section elementor-element elementor-element-95b3c72 elementor-section-boxed elementor-section-height-default elementor-section-height-default\" data-id=\"95b3c72\" data-element_type=\"section\">\n\t\t\t\t\t\t<div class=\"elementor-container elementor-column-gap-default\">\n\t\t\t\t\t<div class=\"elementor-column elementor-col-100 elementor-top-column elementor-element elementor-element-bafa759\" data-id=\"bafa759\" data-element_type=\"column\">\n\t\t\t<div class=\"elementor-widget-wrap elementor-element-populated\">\n\t\t\t\t\t\t<section class=\"elementor-section elementor-inner-section elementor-element elementor-element-7339beb elementor-section-boxed elementor-section-height-default elementor-section-height-default\" data-id=\"7339beb\" data-element_type=\"section\">\n\t\t\t\t\t\t<div class=\"elementor-container elementor-column-gap-default\">\n\t\t\t\t\t<div class=\"elementor-column elementor-col-50 elementor-inner-column elementor-element elementor-element-960e20b\" data-id=\"960e20b\" data-element_type=\"column\">\n\t\t\t<div class=\"elementor-widget-wrap elementor-element-populated\">\n\t\t\t\t\t\t<div class=\"elementor-element elementor-element-e1fbd20 elementor-widget elementor-widget-image\" data-id=\"e1fbd20\" data-element_type=\"widget\" data-widget_type=\"image.default\">\n\t\t\t\t<div class=\"elementor-widget-container\">\n\t\t\t\t\t\t\t\t\t\t\t\t\t\t\t\t<a href=\"https:\/\/okruhari.sk\/wp-content\/uploads\/2023\/09\/Hlasy-do-losovania-2023-aktualizovane.pdf\" target=\"_blank\">\n\t\t\t\t\t\t\t<img loading=\"lazy\" loading=\"lazy\" decoding=\"async\" width=\"167\" height=\"72\" src=\"https:\/\/okruhari.sk\/wp-content\/uploads\/elementor\/thumbs\/xstore-placeholder-rdz9aqd28vx6zkq8utvc4bjyrsy5y8cjuk6vl34lpk.png\" class=\"attachment-large size-large wp-image-16149 wvs-archive-product-image lazyload lazyload-simple et-lazyload-fadeIn\" alt=\"\" sizes=\"auto, (max-width: 167px) 100vw, 167px\" data-src=\"https:\/\/okruhari.sk\/wp-content\/uploads\/2022\/12\/PDF.jpg\" data-srcset=\"https:\/\/okruhari.sk\/wp-content\/uploads\/2022\/12\/PDF.jpg 167w, https:\/\/okruhari.sk\/wp-content\/uploads\/2022\/12\/PDF-1x1.jpg 1w, https:\/\/okruhari.sk\/wp-content\/uploads\/2022\/12\/PDF-10x4.jpg 10w\" \/>\t\t\t\t\t\t\t\t<\/a>\n\t\t\t\t\t\t\t\t\t\t\t\t\t\t\t<\/div>\n\t\t\t\t<\/div>\n\t\t\t\t\t<\/div>\n\t\t<\/div>\n\t\t\t\t<div class=\"elementor-column elementor-col-50 elementor-inner-column elementor-element elementor-element-91931fc\" data-id=\"91931fc\" data-element_type=\"column\">\n\t\t\t<div class=\"elementor-widget-wrap elementor-element-populated\">\n\t\t\t\t\t\t<div class=\"elementor-element elementor-element-cb1f4b7 elementor-widget elementor-widget-text-editor\" data-id=\"cb1f4b7\" data-element_type=\"widget\" data-widget_type=\"text-editor.default\">\n\t\t\t\t<div class=\"elementor-widget-container\">\n\t\t\t\t\t\t\t\t\t<p><a href=\"https:\/\/okruhari.sk\/wp-content\/uploads\/2023\/09\/Hlasy-do-losovania-2023-aktualizovane.pdf\" target=\"_blank\" rel=\"noopener\"><span style=\"text-decoration: underline;\"><strong>Hlasy do losov\u00e1n\u00ed<\/strong><\/span><\/a><\/p>\t\t\t\t\t\t\t\t<\/div>\n\t\t\t\t<\/div>\n\t\t\t\t\t<\/div>\n\t\t<\/div>\n\t\t\t\t\t<\/div>\n\t\t<\/section>\n\t\t\t\t\t<\/div>\n\t\t<\/div>\n\t\t\t\t\t<\/div>\n\t\t<\/section>\n\t\t\t\t<\/div>\n\t\t","protected":false},"excerpt":{"rendered":"<p>V\u00ddSLEDKY Bodov\u00e1n\u00ed v seri\u00e1lu z\u00e1vod\u016f Hlasy do losov\u00e1n\u00ed o Yamahu R1 &#8211; 2024 Yamaha R1 Dunlop CUP 2024 &#8211; v\u00fdsledky PISTON CUP 2023 \u2013 v\u00fdsledky&#8230;<\/p>\n","protected":false},"author":1,"featured_media":0,"parent":0,"menu_order":0,"comment_status":"closed","ping_status":"closed","template":"","meta":{"ngg_post_thumbnail":0,"footnotes":""},"class_list":["post-16148","page","type-page","status-publish","hentry"],"_links":{"self":[{"href":"https:\/\/okruhari.sk\/cs\/wp-json\/wp\/v2\/pages\/16148","targetHints":{"allow":["GET"]}}],"collection":[{"href":"https:\/\/okruhari.sk\/cs\/wp-json\/wp\/v2\/pages"}],"about":[{"href":"https:\/\/okruhari.sk\/cs\/wp-json\/wp\/v2\/types\/page"}],"author":[{"embeddable":true,"href":"https:\/\/okruhari.sk\/cs\/wp-json\/wp\/v2\/users\/1"}],"replies":[{"embeddable":true,"href":"https:\/\/okruhari.sk\/cs\/wp-json\/wp\/v2\/comments?post=16148"}],"version-history":[{"count":1,"href":"https:\/\/okruhari.sk\/cs\/wp-json\/wp\/v2\/pages\/16148\/revisions"}],"predecessor-version":[{"id":16150,"href":"https:\/\/okruhari.sk\/cs\/wp-json\/wp\/v2\/pages\/16148\/revisions\/16150"}],"wp:attachment":[{"href":"https:\/\/okruhari.sk\/cs\/wp-json\/wp\/v2\/media?parent=16148"}],"curies":[{"name":"wp","href":"https:\/\/api.w.org\/{rel}","templated":true}]}}